{"id":31956,"date":"2023-05-27T23:22:03","date_gmt":"2023-05-27T23:22:03","guid":{"rendered":"https:\/\/normandie.ma\/?product=resistance-smok-tfv8-baby-beast"},"modified":"2023-05-30T15:29:03","modified_gmt":"2023-05-30T15:29:03","slug":"resistance-smok-tfv8-baby-beast","status":"publish","type":"product","link":"https:\/\/normandie.ma\/?product=resistance-smok-tfv8-baby-beast","title":{"rendered":"R\u00e9sistance Smok TFV8 Baby Beast"},"content":{"rendered":"<p>R\u00e9sistances TFV8 Baby pour les clearomiseurs Smoktech TFV8 Baby, Big Baby, TFV12 Baby Prince ainsi que le NRG Tank de Vaporesso. Ces r\u00e9sistances, simples \u00e0 installer, procurent des sensations diff\u00e9rentes en fonction de leurs caract\u00e9ristiques.<\/p>\n<p>V8 Baby T8 : 0.15 \u03a9. \u00c0 utiliser entre 50 et 110 watts, id\u00e9ale entre 60 et 80 watts.<br \/>\nV8 Baby Q2 : 0.40 \u03a9. \u00c0 utiliser entre 40 et 80 watts, id\u00e9ale entre 55 et 65 watts.<br \/>\nV8 Baby Q2 : 0.60 \u03a9. \u00c0 utiliser entre 20 et 50 watts, id\u00e9ale entre 30 et 40 watts.<br \/>\nV8 Baby T6 : 0.20 \u03a9. \u00c0 utiliser entre 40 et 130 watts, id\u00e9ale entre 70 et 90 watts.<br \/>\nV8 Baby X4 : 0.15 \u03a9. \u00c0 utiliser entre 30 et 70 watts, id\u00e9ale entre 45 et 60 watts.<\/p>\n<p>Les R\u00e9sistances TFV8 Baby sont fabriqu\u00e9es par Smoktech<\/p>\n","protected":false},"excerpt":{"rendered":"<p>R\u00e9sistances TFV8 Baby pour les clearomiseurs Smoktech TFV8 Baby, Big Baby, TFV12 Baby Prince ainsi que le NRG Tank de Vaporesso. Ces r\u00e9sistances, simples \u00e0 installer, procurent des sensations diff\u00e9rentes en fonction de leurs caract\u00e9ristiques. V8 Baby T8 : 0.15 \u03a9. \u00c0 utiliser entre 50 et 110 watts, id\u00e9ale entre 60 et 80 watts. V8 [&hellip;]<\/p>\n","protected":false},"featured_media":31157,"comment_status":"open","ping_status":"closed","template":"","meta":{"om_disable_all_campaigns":false,"_monsterinsights_skip_tracking":false,"_monsterinsights_sitenote_active":false,"_monsterinsights_sitenote_note":"","_monsterinsights_sitenote_category":0},"product_brand":[],"product_cat":[409,412],"product_tag":[],"class_list":{"0":"post-31956","1":"product","2":"type-product","3":"status-publish","4":"has-post-thumbnail","6":"product_cat-resistances-2","7":"product_cat-smok-resistances-2","10":"first","11":"instock","12":"featured","13":"shipping-taxable","14":"purchasable","15":"product-type-variable"},"aioseo_notices":[],"jetpack_sharing_enabled":true,"_links":{"self":[{"href":"https:\/\/normandie.ma\/index.php?rest_route=\/wp\/v2\/product\/31956","targetHints":{"allow":["GET"]}}],"collection":[{"href":"https:\/\/normandie.ma\/index.php?rest_route=\/wp\/v2\/product"}],"about":[{"href":"https:\/\/normandie.ma\/index.php?rest_route=\/wp\/v2\/types\/product"}],"replies":[{"embeddable":true,"href":"https:\/\/normandie.ma\/index.php?rest_route=%2Fwp%2Fv2%2Fcomments&post=31956"}],"wp:featuredmedia":[{"embeddable":true,"href":"https:\/\/normandie.ma\/index.php?rest_route=\/wp\/v2\/media\/31157"}],"wp:attachment":[{"href":"https:\/\/normandie.ma\/index.php?rest_route=%2Fwp%2Fv2%2Fmedia&parent=31956"}],"wp:term":[{"taxonomy":"product_brand","embeddable":true,"href":"https:\/\/normandie.ma\/index.php?rest_route=%2Fwp%2Fv2%2Fproduct_brand&post=31956"},{"taxonomy":"product_cat","embeddable":true,"href":"https:\/\/normandie.ma\/index.php?rest_route=%2Fwp%2Fv2%2Fproduct_cat&post=31956"},{"taxonomy":"product_tag","embeddable":true,"href":"https:\/\/normandie.ma\/index.php?rest_route=%2Fwp%2Fv2%2Fproduct_tag&post=31956"}],"curies":[{"name":"wp","href":"https:\/\/api.w.org\/{rel}","templated":true}]}}