{"id":31957,"date":"2023-05-27T23:22:03","date_gmt":"2023-05-27T23:22:03","guid":{"rendered":"https:\/\/normandie.ma\/?product=resistance-smok-rpm"},"modified":"2025-09-01T21:03:33","modified_gmt":"2025-09-01T21:03:33","slug":"resistance-smok-rpm","status":"publish","type":"product","link":"https:\/\/normandie.ma\/?product=resistance-smok-rpm","title":{"rendered":"R\u00e9sistance Smok RPM"},"content":{"rendered":"<p>La r\u00e9sistance Smok RPM est compatible avec les cartouches POD RPM. Elle est disponible entre 0,4 et 1,2 ohm et est fabriqu\u00e9e en Mesh et Quartz. Les r\u00e9sistances Smok RPM offrent une excellente reproduction des saveurs et sont con\u00e7ues pour produire une vapeur abondante. Inhalation : directe et indirecte<br \/>\nMat\u00e9riaux : Coton, Mesh<br \/>\nMod\u00e8les atomiseurs : Pozzx (smok), Fetch Pro (smok), RPM80 (smok), RPM40 (smok), Nord x (smok), Thallo RPM (smok), RPM4 (smok)<\/p>\n","protected":false},"excerpt":{"rendered":"<p>La r\u00e9sistance Smok RPM est compatible avec les cartouches POD RPM. Elle est disponible entre 0,4 et 1,2 ohm et est fabriqu\u00e9e en Mesh et Quartz. Les r\u00e9sistances Smok RPM offrent une excellente reproduction des saveurs et sont con\u00e7ues pour produire une vapeur abondante. Inhalation : directe et indirecte Mat\u00e9riaux : Coton, Mesh Mod\u00e8les atomiseurs [&hellip;]<\/p>\n","protected":false},"featured_media":31158,"comment_status":"open","ping_status":"closed","template":"","meta":{"om_disable_all_campaigns":false,"_monsterinsights_skip_tracking":false,"_monsterinsights_sitenote_active":false,"_monsterinsights_sitenote_note":"","_monsterinsights_sitenote_category":0},"product_brand":[],"product_cat":[409,412],"product_tag":[],"class_list":{"0":"post-31957","1":"product","2":"type-product","3":"status-publish","4":"has-post-thumbnail","6":"product_cat-resistances-2","7":"product_cat-smok-resistances-2","10":"first","11":"instock","12":"featured","13":"shipping-taxable","14":"purchasable","15":"product-type-variable"},"aioseo_notices":[],"jetpack_sharing_enabled":true,"_links":{"self":[{"href":"https:\/\/normandie.ma\/index.php?rest_route=\/wp\/v2\/product\/31957","targetHints":{"allow":["GET"]}}],"collection":[{"href":"https:\/\/normandie.ma\/index.php?rest_route=\/wp\/v2\/product"}],"about":[{"href":"https:\/\/normandie.ma\/index.php?rest_route=\/wp\/v2\/types\/product"}],"replies":[{"embeddable":true,"href":"https:\/\/normandie.ma\/index.php?rest_route=%2Fwp%2Fv2%2Fcomments&post=31957"}],"wp:featuredmedia":[{"embeddable":true,"href":"https:\/\/normandie.ma\/index.php?rest_route=\/wp\/v2\/media\/31158"}],"wp:attachment":[{"href":"https:\/\/normandie.ma\/index.php?rest_route=%2Fwp%2Fv2%2Fmedia&parent=31957"}],"wp:term":[{"taxonomy":"product_brand","embeddable":true,"href":"https:\/\/normandie.ma\/index.php?rest_route=%2Fwp%2Fv2%2Fproduct_brand&post=31957"},{"taxonomy":"product_cat","embeddable":true,"href":"https:\/\/normandie.ma\/index.php?rest_route=%2Fwp%2Fv2%2Fproduct_cat&post=31957"},{"taxonomy":"product_tag","embeddable":true,"href":"https:\/\/normandie.ma\/index.php?rest_route=%2Fwp%2Fv2%2Fproduct_tag&post=31957"}],"curies":[{"name":"wp","href":"https:\/\/api.w.org\/{rel}","templated":true}]}}