{"id":31959,"date":"2023-05-27T23:22:04","date_gmt":"2023-05-27T23:22:04","guid":{"rendered":"https:\/\/normandie.ma\/?product=resistance-smok-rpm-2"},"modified":"2023-05-28T23:13:19","modified_gmt":"2023-05-28T23:13:19","slug":"resistance-smok-rpm-2","status":"publish","type":"product","link":"https:\/\/normandie.ma\/?product=resistance-smok-rpm-2","title":{"rendered":"R\u00e9sistance Smok RPM 2"},"content":{"rendered":"<p>D\u00e9couvrez la r\u00e9sistance RPM 2 sp\u00e9cialement con\u00e7ue pour votre pod RPM 2 Smok ! Avec cette r\u00e9sistance sign\u00e9e Smoktech, vous profitez de toutes les d\u00e9licieuses saveurs de votre e-liquide, pour une pause vape unique. 0.16ohm RPM2 Mesh Coil : 25W \u2013 50W<br \/>\n0.6ohm RPM2 DC MTL Coil : 12W \u2013 25W<\/p>\n","protected":false},"excerpt":{"rendered":"<p>D\u00e9couvrez la r\u00e9sistance RPM 2 sp\u00e9cialement con\u00e7ue pour votre pod RPM 2 Smok ! Avec cette r\u00e9sistance sign\u00e9e Smoktech, vous profitez de toutes les d\u00e9licieuses saveurs de votre e-liquide, pour une pause vape unique. 0.16ohm RPM2 Mesh Coil : 25W \u2013 50W 0.6ohm RPM2 DC MTL Coil : 12W \u2013 25W<\/p>\n","protected":false},"featured_media":0,"comment_status":"open","ping_status":"closed","template":"","meta":{"om_disable_all_campaigns":false,"_monsterinsights_skip_tracking":false,"_monsterinsights_sitenote_active":false,"_monsterinsights_sitenote_note":"","_monsterinsights_sitenote_category":0},"product_brand":[],"product_cat":[409,412],"product_tag":[],"class_list":{"0":"post-31959","1":"product","2":"type-product","3":"status-publish","5":"product_cat-resistances-2","6":"product_cat-smok-resistances-2","8":"first","9":"instock","10":"featured","11":"shipping-taxable","12":"purchasable","13":"product-type-variable"},"aioseo_notices":[],"jetpack_sharing_enabled":true,"_links":{"self":[{"href":"https:\/\/normandie.ma\/index.php?rest_route=\/wp\/v2\/product\/31959","targetHints":{"allow":["GET"]}}],"collection":[{"href":"https:\/\/normandie.ma\/index.php?rest_route=\/wp\/v2\/product"}],"about":[{"href":"https:\/\/normandie.ma\/index.php?rest_route=\/wp\/v2\/types\/product"}],"replies":[{"embeddable":true,"href":"https:\/\/normandie.ma\/index.php?rest_route=%2Fwp%2Fv2%2Fcomments&post=31959"}],"wp:attachment":[{"href":"https:\/\/normandie.ma\/index.php?rest_route=%2Fwp%2Fv2%2Fmedia&parent=31959"}],"wp:term":[{"taxonomy":"product_brand","embeddable":true,"href":"https:\/\/normandie.ma\/index.php?rest_route=%2Fwp%2Fv2%2Fproduct_brand&post=31959"},{"taxonomy":"product_cat","embeddable":true,"href":"https:\/\/normandie.ma\/index.php?rest_route=%2Fwp%2Fv2%2Fproduct_cat&post=31959"},{"taxonomy":"product_tag","embeddable":true,"href":"https:\/\/normandie.ma\/index.php?rest_route=%2Fwp%2Fv2%2Fproduct_tag&post=31959"}],"curies":[{"name":"wp","href":"https:\/\/api.w.org\/{rel}","templated":true}]}}