{"id":31960,"date":"2023-05-27T23:22:04","date_gmt":"2023-05-27T23:22:04","guid":{"rendered":"https:\/\/normandie.ma\/?product=resistance-smok-rpm-160"},"modified":"2023-05-28T23:13:52","modified_gmt":"2023-05-28T23:13:52","slug":"resistance-smok-rpm-160","status":"publish","type":"product","link":"https:\/\/normandie.ma\/?product=resistance-smok-rpm-160","title":{"rendered":"R\u00e9sistance Smok RPM 160"},"content":{"rendered":"<p>Sp\u00e9cialement con\u00e7ue pour le kit Smok RPM160, la r\u00e9sistance Smok RPM160, utilisable \u00e0 80W, est pr\u00eate \u00e0 vous faire vivre une exp\u00e9rience tr\u00e8s savoureuse. Fabriqu\u00e9e dans un alliage nickel-chrome, elle est compos\u00e9e de plusieurs petits hexagones homog\u00e8nes qui permettent aux diff\u00e9rents \u00e9l\u00e9ments de chauffer uniform\u00e9ment et tr\u00e8s rapidement. Marque Compatible : Smok<br \/>\nMati\u00e8re : nickel \/ chrome<br \/>\nR\u00e9sistance : 0.15ohm<br \/>\nInhalation : directe, tirage a\u00e9rien<br \/>\nCompatibilit\u00e9 Kit : RPM160 \u2013 Smok<br \/>\nCompatibilit\u00e9 atomiseur : Cartouche RPM160 \u2013 Smok<\/p>\n","protected":false},"excerpt":{"rendered":"<p>Sp\u00e9cialement con\u00e7ue pour le kit Smok RPM160, la r\u00e9sistance Smok RPM160, utilisable \u00e0 80W, est pr\u00eate \u00e0 vous faire vivre une exp\u00e9rience tr\u00e8s savoureuse. Fabriqu\u00e9e dans un alliage nickel-chrome, elle est compos\u00e9e de plusieurs petits hexagones homog\u00e8nes qui permettent aux diff\u00e9rents \u00e9l\u00e9ments de chauffer uniform\u00e9ment et tr\u00e8s rapidement. Marque Compatible : Smok Mati\u00e8re : nickel [&hellip;]<\/p>\n","protected":false},"featured_media":0,"comment_status":"open","ping_status":"closed","template":"","meta":{"om_disable_all_campaigns":false,"_monsterinsights_skip_tracking":false,"_monsterinsights_sitenote_active":false,"_monsterinsights_sitenote_note":"","_monsterinsights_sitenote_category":0},"product_brand":[],"product_cat":[409,412],"product_tag":[],"class_list":{"0":"post-31960","1":"product","2":"type-product","3":"status-publish","5":"product_cat-resistances-2","6":"product_cat-smok-resistances-2","8":"first","9":"instock","10":"featured","11":"shipping-taxable","12":"purchasable","13":"product-type-variable"},"aioseo_notices":[],"jetpack_sharing_enabled":true,"_links":{"self":[{"href":"https:\/\/normandie.ma\/index.php?rest_route=\/wp\/v2\/product\/31960","targetHints":{"allow":["GET"]}}],"collection":[{"href":"https:\/\/normandie.ma\/index.php?rest_route=\/wp\/v2\/product"}],"about":[{"href":"https:\/\/normandie.ma\/index.php?rest_route=\/wp\/v2\/types\/product"}],"replies":[{"embeddable":true,"href":"https:\/\/normandie.ma\/index.php?rest_route=%2Fwp%2Fv2%2Fcomments&post=31960"}],"wp:attachment":[{"href":"https:\/\/normandie.ma\/index.php?rest_route=%2Fwp%2Fv2%2Fmedia&parent=31960"}],"wp:term":[{"taxonomy":"product_brand","embeddable":true,"href":"https:\/\/normandie.ma\/index.php?rest_route=%2Fwp%2Fv2%2Fproduct_brand&post=31960"},{"taxonomy":"product_cat","embeddable":true,"href":"https:\/\/normandie.ma\/index.php?rest_route=%2Fwp%2Fv2%2Fproduct_cat&post=31960"},{"taxonomy":"product_tag","embeddable":true,"href":"https:\/\/normandie.ma\/index.php?rest_route=%2Fwp%2Fv2%2Fproduct_tag&post=31960"}],"curies":[{"name":"wp","href":"https:\/\/api.w.org\/{rel}","templated":true}]}}