{"id":31961,"date":"2023-05-27T23:22:04","date_gmt":"2023-05-27T23:22:04","guid":{"rendered":"https:\/\/normandie.ma\/?product=resistance-smok-tfv16-lite"},"modified":"2023-05-30T15:27:56","modified_gmt":"2023-05-30T15:27:56","slug":"resistance-smok-tfv16-lite","status":"publish","type":"product","link":"https:\/\/normandie.ma\/?product=resistance-smok-tfv16-lite","title":{"rendered":"R\u00e9sistance Smok TFV16 Lite"},"content":{"rendered":"<p>Retrouvez la r\u00e9sistance Smok TFV16 Lite exclusivement con\u00e7ue pour le r\u00e9servoir TFV16 Lite. Identique au mod\u00e8le original, elle utilise les derni\u00e8res technologies pour vous offrir une exp\u00e9rience de vape optimale avec un chauffage rapide et uniforme de votre e-liquide pour une vape plus trouble et savoureuse que jamais. Marque Compatible : Smok<br \/>\nR\u00e9sistance : 0.15ohm, 0.2ohm<br \/>\nMarque : SMOK<br \/>\nCompatibilit\u00e9 atomiseur : TFV16 Lite \u2013 Smok<\/p>\n","protected":false},"excerpt":{"rendered":"<p>Retrouvez la r\u00e9sistance Smok TFV16 Lite exclusivement con\u00e7ue pour le r\u00e9servoir TFV16 Lite. Identique au mod\u00e8le original, elle utilise les derni\u00e8res technologies pour vous offrir une exp\u00e9rience de vape optimale avec un chauffage rapide et uniforme de votre e-liquide pour une vape plus trouble et savoureuse que jamais. Marque Compatible : Smok R\u00e9sistance : 0.15ohm, [&hellip;]<\/p>\n","protected":false},"featured_media":0,"comment_status":"open","ping_status":"closed","template":"","meta":{"om_disable_all_campaigns":false,"_monsterinsights_skip_tracking":false,"_monsterinsights_sitenote_active":false,"_monsterinsights_sitenote_note":"","_monsterinsights_sitenote_category":0},"product_brand":[],"product_cat":[409,412],"product_tag":[],"class_list":{"0":"post-31961","1":"product","2":"type-product","3":"status-publish","5":"product_cat-resistances-2","6":"product_cat-smok-resistances-2","8":"first","9":"instock","10":"featured","11":"shipping-taxable","12":"purchasable","13":"product-type-variable"},"aioseo_notices":[],"jetpack_sharing_enabled":true,"_links":{"self":[{"href":"https:\/\/normandie.ma\/index.php?rest_route=\/wp\/v2\/product\/31961","targetHints":{"allow":["GET"]}}],"collection":[{"href":"https:\/\/normandie.ma\/index.php?rest_route=\/wp\/v2\/product"}],"about":[{"href":"https:\/\/normandie.ma\/index.php?rest_route=\/wp\/v2\/types\/product"}],"replies":[{"embeddable":true,"href":"https:\/\/normandie.ma\/index.php?rest_route=%2Fwp%2Fv2%2Fcomments&post=31961"}],"wp:attachment":[{"href":"https:\/\/normandie.ma\/index.php?rest_route=%2Fwp%2Fv2%2Fmedia&parent=31961"}],"wp:term":[{"taxonomy":"product_brand","embeddable":true,"href":"https:\/\/normandie.ma\/index.php?rest_route=%2Fwp%2Fv2%2Fproduct_brand&post=31961"},{"taxonomy":"product_cat","embeddable":true,"href":"https:\/\/normandie.ma\/index.php?rest_route=%2Fwp%2Fv2%2Fproduct_cat&post=31961"},{"taxonomy":"product_tag","embeddable":true,"href":"https:\/\/normandie.ma\/index.php?rest_route=%2Fwp%2Fv2%2Fproduct_tag&post=31961"}],"curies":[{"name":"wp","href":"https:\/\/api.w.org\/{rel}","templated":true}]}}