{"id":31964,"date":"2023-05-27T23:22:06","date_gmt":"2023-05-27T23:22:06","guid":{"rendered":"https:\/\/normandie.ma\/?product=resistance-smok-lp2"},"modified":"2023-05-28T23:11:15","modified_gmt":"2023-05-28T23:11:15","slug":"resistance-smok-lp2","status":"publish","type":"product","link":"https:\/\/normandie.ma\/?product=resistance-smok-lp2","title":{"rendered":"R\u00e9sistance Smok LP2"},"content":{"rendered":"<p>La r\u00e9sistance LP2 de Smok offre une production de vapeur abondante tout en ayant la reproduction de la saveur la plus pr\u00e9cise. Elle est con\u00e7ue en coton m\u00e9dical et en mesh. Mod\u00e8le : LP2 Meshed 0.23ohm \/ LP2 DC 0.6ohm<br \/>\nValeur : 0.23ohm \/ 0.6ohm<br \/>\nPuissance d\u2019utilisation : 20-45W (LP2 0.23ohm) \/ 15-25W (LP2 0.6ohm)<br \/>\nCompatibilit\u00e9 : Pod RPM 4 Smok \/ G-Priv Pod Pro \/ G-Priv Pod Smok<\/p>\n","protected":false},"excerpt":{"rendered":"<p>La r\u00e9sistance LP2 de Smok offre une production de vapeur abondante tout en ayant la reproduction de la saveur la plus pr\u00e9cise. Elle est con\u00e7ue en coton m\u00e9dical et en mesh. Mod\u00e8le : LP2 Meshed 0.23ohm \/ LP2 DC 0.6ohm Valeur : 0.23ohm \/ 0.6ohm Puissance d\u2019utilisation : 20-45W (LP2 0.23ohm) \/ 15-25W (LP2 0.6ohm) [&hellip;]<\/p>\n","protected":false},"featured_media":31169,"comment_status":"open","ping_status":"closed","template":"","meta":{"om_disable_all_campaigns":false,"_monsterinsights_skip_tracking":false,"_monsterinsights_sitenote_active":false,"_monsterinsights_sitenote_note":"","_monsterinsights_sitenote_category":0},"product_brand":[],"product_cat":[409,412],"product_tag":[],"class_list":{"0":"post-31964","1":"product","2":"type-product","3":"status-publish","4":"has-post-thumbnail","6":"product_cat-resistances-2","7":"product_cat-smok-resistances-2","10":"first","11":"instock","12":"featured","13":"shipping-taxable","14":"purchasable","15":"product-type-variable"},"aioseo_notices":[],"jetpack_sharing_enabled":true,"_links":{"self":[{"href":"https:\/\/normandie.ma\/index.php?rest_route=\/wp\/v2\/product\/31964","targetHints":{"allow":["GET"]}}],"collection":[{"href":"https:\/\/normandie.ma\/index.php?rest_route=\/wp\/v2\/product"}],"about":[{"href":"https:\/\/normandie.ma\/index.php?rest_route=\/wp\/v2\/types\/product"}],"replies":[{"embeddable":true,"href":"https:\/\/normandie.ma\/index.php?rest_route=%2Fwp%2Fv2%2Fcomments&post=31964"}],"wp:featuredmedia":[{"embeddable":true,"href":"https:\/\/normandie.ma\/index.php?rest_route=\/wp\/v2\/media\/31169"}],"wp:attachment":[{"href":"https:\/\/normandie.ma\/index.php?rest_route=%2Fwp%2Fv2%2Fmedia&parent=31964"}],"wp:term":[{"taxonomy":"product_brand","embeddable":true,"href":"https:\/\/normandie.ma\/index.php?rest_route=%2Fwp%2Fv2%2Fproduct_brand&post=31964"},{"taxonomy":"product_cat","embeddable":true,"href":"https:\/\/normandie.ma\/index.php?rest_route=%2Fwp%2Fv2%2Fproduct_cat&post=31964"},{"taxonomy":"product_tag","embeddable":true,"href":"https:\/\/normandie.ma\/index.php?rest_route=%2Fwp%2Fv2%2Fproduct_tag&post=31964"}],"curies":[{"name":"wp","href":"https:\/\/api.w.org\/{rel}","templated":true}]}}