{"id":31967,"date":"2023-05-27T23:22:07","date_gmt":"2023-05-27T23:22:07","guid":{"rendered":"https:\/\/normandie.ma\/?product=resistance-smok-rpm-3"},"modified":"2023-05-28T23:09:59","modified_gmt":"2023-05-28T23:09:59","slug":"resistance-smok-rpm-3","status":"publish","type":"product","link":"https:\/\/normandie.ma\/?product=resistance-smok-rpm-3","title":{"rendered":"R\u00e9sistance Smok RPM 3"},"content":{"rendered":"<p>Les r\u00e9sistances de remplacement SMOK RPM 3 sont con\u00e7ues pour le Kit pod Smok RPM 5. Sa technologie de maille est utilis\u00e9e pour am\u00e9liorer la saveur plus efficacement, et gr\u00e2ce \u00e0 la surface de maille \u00e9largie, plus de nuages sont g\u00e9n\u00e9r\u00e9s, ce qui non seulement augmente la zone de diffusion mais am\u00e9liore \u00e9galement le taux de chauffage. 40-80W de puissance<br \/>\nParfait pour le DL Vaping<br \/>\nTemps de mont\u00e9e en puissance rapide<br \/>\nMeilleure saveur et vapeur massive<\/p>\n","protected":false},"excerpt":{"rendered":"<p>Les r\u00e9sistances de remplacement SMOK RPM 3 sont con\u00e7ues pour le Kit pod Smok RPM 5. Sa technologie de maille est utilis\u00e9e pour am\u00e9liorer la saveur plus efficacement, et gr\u00e2ce \u00e0 la surface de maille \u00e9largie, plus de nuages sont g\u00e9n\u00e9r\u00e9s, ce qui non seulement augmente la zone de diffusion mais am\u00e9liore \u00e9galement le taux [&hellip;]<\/p>\n","protected":false},"featured_media":31172,"comment_status":"open","ping_status":"closed","template":"","meta":{"om_disable_all_campaigns":false,"_monsterinsights_skip_tracking":false,"_monsterinsights_sitenote_active":false,"_monsterinsights_sitenote_note":"","_monsterinsights_sitenote_category":0},"product_brand":[],"product_cat":[409,412],"product_tag":[],"class_list":{"0":"post-31967","1":"product","2":"type-product","3":"status-publish","4":"has-post-thumbnail","6":"product_cat-resistances-2","7":"product_cat-smok-resistances-2","10":"first","11":"instock","12":"featured","13":"shipping-taxable","14":"purchasable","15":"product-type-variable"},"aioseo_notices":[],"jetpack_sharing_enabled":true,"_links":{"self":[{"href":"https:\/\/normandie.ma\/index.php?rest_route=\/wp\/v2\/product\/31967","targetHints":{"allow":["GET"]}}],"collection":[{"href":"https:\/\/normandie.ma\/index.php?rest_route=\/wp\/v2\/product"}],"about":[{"href":"https:\/\/normandie.ma\/index.php?rest_route=\/wp\/v2\/types\/product"}],"replies":[{"embeddable":true,"href":"https:\/\/normandie.ma\/index.php?rest_route=%2Fwp%2Fv2%2Fcomments&post=31967"}],"wp:featuredmedia":[{"embeddable":true,"href":"https:\/\/normandie.ma\/index.php?rest_route=\/wp\/v2\/media\/31172"}],"wp:attachment":[{"href":"https:\/\/normandie.ma\/index.php?rest_route=%2Fwp%2Fv2%2Fmedia&parent=31967"}],"wp:term":[{"taxonomy":"product_brand","embeddable":true,"href":"https:\/\/normandie.ma\/index.php?rest_route=%2Fwp%2Fv2%2Fproduct_brand&post=31967"},{"taxonomy":"product_cat","embeddable":true,"href":"https:\/\/normandie.ma\/index.php?rest_route=%2Fwp%2Fv2%2Fproduct_cat&post=31967"},{"taxonomy":"product_tag","embeddable":true,"href":"https:\/\/normandie.ma\/index.php?rest_route=%2Fwp%2Fv2%2Fproduct_tag&post=31967"}],"curies":[{"name":"wp","href":"https:\/\/api.w.org\/{rel}","templated":true}]}}