{"id":31969,"date":"2023-05-27T23:22:07","date_gmt":"2023-05-27T23:22:07","guid":{"rendered":"https:\/\/normandie.ma\/?product=resistance-geekvape-mesh-z-coil-zeus"},"modified":"2023-05-28T23:10:30","modified_gmt":"2023-05-28T23:10:30","slug":"resistance-geekvape-mesh-z-coil-zeus","status":"publish","type":"product","link":"https:\/\/normandie.ma\/?product=resistance-geekvape-mesh-z-coil-zeus","title":{"rendered":"R\u00e9sistance GeekVape Mesh Z Coil Zeus"},"content":{"rendered":"<p>R\u00e9sistances Z Series Coil Geek Vape. Les r\u00e9sistances Z Series Coil sont compatibles avec les clearomiseurs Zeus Tank et Obelisk de Geek Vape. Faciles \u00e0 installer, elle se glisse \u00e0 l\u2019int\u00e9rieur du r\u00e9servoir sans aucun vissage. Ces r\u00e9sistances Z Series sont constitu\u00e9es de mesh en Kanthal A1 pour une chauffe rapide, sans go\u00fbts parasites.<\/p>\n<p>Les r\u00e9sistances Mesh Z coils sont disponibles en plusieurs versions :<\/p>\n<p>Z0.4 \u03a9, en Kanthal A1, \u00e0 utiliser entre 50 et 60 watts.<br \/>\nZ0.2 \u03a9, en Kanthal A1, \u00e0 utiliser entre 70 et 80 watts.<\/p>\n<p>Les r\u00e9sistances Z Series Coil sont fabriqu\u00e9es par Geek Vape.<\/p>\n","protected":false},"excerpt":{"rendered":"<p>R\u00e9sistances Z Series Coil Geek Vape. Les r\u00e9sistances Z Series Coil sont compatibles avec les clearomiseurs Zeus Tank et Obelisk de Geek Vape. Faciles \u00e0 installer, elle se glisse \u00e0 l\u2019int\u00e9rieur du r\u00e9servoir sans aucun vissage. Ces r\u00e9sistances Z Series sont constitu\u00e9es de mesh en Kanthal A1 pour une chauffe rapide, sans go\u00fbts parasites. Les [&hellip;]<\/p>\n","protected":false},"featured_media":31174,"comment_status":"open","ping_status":"closed","template":"","meta":{"om_disable_all_campaigns":false,"_monsterinsights_skip_tracking":false,"_monsterinsights_sitenote_active":false,"_monsterinsights_sitenote_note":"","_monsterinsights_sitenote_category":0},"product_brand":[],"product_cat":[413,409],"product_tag":[],"class_list":{"0":"post-31969","1":"product","2":"type-product","3":"status-publish","4":"has-post-thumbnail","6":"product_cat-geekvape","7":"product_cat-resistances-2","10":"first","11":"instock","12":"featured","13":"shipping-taxable","14":"purchasable","15":"product-type-variable"},"aioseo_notices":[],"jetpack_sharing_enabled":true,"_links":{"self":[{"href":"https:\/\/normandie.ma\/index.php?rest_route=\/wp\/v2\/product\/31969","targetHints":{"allow":["GET"]}}],"collection":[{"href":"https:\/\/normandie.ma\/index.php?rest_route=\/wp\/v2\/product"}],"about":[{"href":"https:\/\/normandie.ma\/index.php?rest_route=\/wp\/v2\/types\/product"}],"replies":[{"embeddable":true,"href":"https:\/\/normandie.ma\/index.php?rest_route=%2Fwp%2Fv2%2Fcomments&post=31969"}],"wp:featuredmedia":[{"embeddable":true,"href":"https:\/\/normandie.ma\/index.php?rest_route=\/wp\/v2\/media\/31174"}],"wp:attachment":[{"href":"https:\/\/normandie.ma\/index.php?rest_route=%2Fwp%2Fv2%2Fmedia&parent=31969"}],"wp:term":[{"taxonomy":"product_brand","embeddable":true,"href":"https:\/\/normandie.ma\/index.php?rest_route=%2Fwp%2Fv2%2Fproduct_brand&post=31969"},{"taxonomy":"product_cat","embeddable":true,"href":"https:\/\/normandie.ma\/index.php?rest_route=%2Fwp%2Fv2%2Fproduct_cat&post=31969"},{"taxonomy":"product_tag","embeddable":true,"href":"https:\/\/normandie.ma\/index.php?rest_route=%2Fwp%2Fv2%2Fproduct_tag&post=31969"}],"curies":[{"name":"wp","href":"https:\/\/api.w.org\/{rel}","templated":true}]}}