{"id":31970,"date":"2023-05-27T23:22:08","date_gmt":"2023-05-27T23:22:08","guid":{"rendered":"https:\/\/normandie.ma\/?product=resistance-geekvape-aegis-boost"},"modified":"2023-05-28T23:09:11","modified_gmt":"2023-05-28T23:09:11","slug":"resistance-geekvape-aegis-boost","status":"publish","type":"product","link":"https:\/\/normandie.ma\/?product=resistance-geekvape-aegis-boost","title":{"rendered":"R\u00e9sistance GeekVape Aegis Boost"},"content":{"rendered":"<p>La r\u00e9sistance Aegis Boost est con\u00e7ue pour les atomiseurs Aegis Boost, Aegis Boost Plus, Aegis Hero et Z Nano. Elle int\u00e8gre une r\u00e9sistance en maille pour une meilleure r\u00e9activit\u00e9 et long\u00e9vit\u00e9. Dans l\u2019ensemble, elle est con\u00e7ue pour offrir une excellente diffusion de la saveur et de la nicotine. Marque Compatible : GeekVape<br \/>\nContr\u00f4le de temp\u00e9rature : non<br \/>\nMati\u00e8re : Kanthal<br \/>\nValeur de la r\u00e9sistance : 0,3 ohm, 0.6ohm, 1,2 ohm, 0.4 ohm<br \/>\nType de r\u00e9sistance : Mesh<br \/>\nInhalation : directe et indirecte<br \/>\nCompatibilit\u00e9 Kit: Aegis Boost Plus \u2013 Geek Vape, Aegis Hero \u2013 Geek Vape, Aegis Boost \u2013 Geek Vape<br \/>\nCompatibilit\u00e9 atomiseur : Zeus Nano Tank \u2013 Geek Vape, Cartouche Aegis Hero \u2013 Geek Vape, Cartouche Aegis Boost \u2013 Geek Vape, Cartouche Aegis Boost Plus \u2013 Geek Vape<\/p>\n","protected":false},"excerpt":{"rendered":"<p>La r\u00e9sistance Aegis Boost est con\u00e7ue pour les atomiseurs Aegis Boost, Aegis Boost Plus, Aegis Hero et Z Nano. Elle int\u00e8gre une r\u00e9sistance en maille pour une meilleure r\u00e9activit\u00e9 et long\u00e9vit\u00e9. Dans l\u2019ensemble, elle est con\u00e7ue pour offrir une excellente diffusion de la saveur et de la nicotine. Marque Compatible : GeekVape Contr\u00f4le de temp\u00e9rature [&hellip;]<\/p>\n","protected":false},"featured_media":31175,"comment_status":"open","ping_status":"closed","template":"","meta":{"om_disable_all_campaigns":false,"_monsterinsights_skip_tracking":false,"_monsterinsights_sitenote_active":false,"_monsterinsights_sitenote_note":"","_monsterinsights_sitenote_category":0},"product_brand":[],"product_cat":[413,409],"product_tag":[],"class_list":{"0":"post-31970","1":"product","2":"type-product","3":"status-publish","4":"has-post-thumbnail","6":"product_cat-geekvape","7":"product_cat-resistances-2","10":"first","11":"instock","12":"featured","13":"shipping-taxable","14":"purchasable","15":"product-type-variable"},"aioseo_notices":[],"jetpack_sharing_enabled":true,"_links":{"self":[{"href":"https:\/\/normandie.ma\/index.php?rest_route=\/wp\/v2\/product\/31970","targetHints":{"allow":["GET"]}}],"collection":[{"href":"https:\/\/normandie.ma\/index.php?rest_route=\/wp\/v2\/product"}],"about":[{"href":"https:\/\/normandie.ma\/index.php?rest_route=\/wp\/v2\/types\/product"}],"replies":[{"embeddable":true,"href":"https:\/\/normandie.ma\/index.php?rest_route=%2Fwp%2Fv2%2Fcomments&post=31970"}],"wp:featuredmedia":[{"embeddable":true,"href":"https:\/\/normandie.ma\/index.php?rest_route=\/wp\/v2\/media\/31175"}],"wp:attachment":[{"href":"https:\/\/normandie.ma\/index.php?rest_route=%2Fwp%2Fv2%2Fmedia&parent=31970"}],"wp:term":[{"taxonomy":"product_brand","embeddable":true,"href":"https:\/\/normandie.ma\/index.php?rest_route=%2Fwp%2Fv2%2Fproduct_brand&post=31970"},{"taxonomy":"product_cat","embeddable":true,"href":"https:\/\/normandie.ma\/index.php?rest_route=%2Fwp%2Fv2%2Fproduct_cat&post=31970"},{"taxonomy":"product_tag","embeddable":true,"href":"https:\/\/normandie.ma\/index.php?rest_route=%2Fwp%2Fv2%2Fproduct_tag&post=31970"}],"curies":[{"name":"wp","href":"https:\/\/api.w.org\/{rel}","templated":true}]}}