{"id":31971,"date":"2023-05-27T23:22:22","date_gmt":"2023-05-27T23:22:22","guid":{"rendered":"https:\/\/normandie.ma\/?product=resistance-geekvape-g-series"},"modified":"2023-05-28T23:08:33","modified_gmt":"2023-05-28T23:08:33","slug":"resistance-geekvape-g-series","status":"publish","type":"product","link":"https:\/\/normandie.ma\/?product=resistance-geekvape-g-series","title":{"rendered":"R\u00e9sistance GeekVape G series"},"content":{"rendered":"<p>Sp\u00e9cialement con\u00e7ue pour les kits Aegis Pod et Wenax C1 sign\u00e9s Geek Vape, la r\u00e9sistance Aegis G-Series s\u00e9duira les amateurs de r\u00e9alisme et de d\u00e9couverte en offrant des sensations aussi riches que vari\u00e9es. R\u00e9sistance : 0.8 et 1.2ohm<br \/>\nMat\u00e9riau : Mesh Kanthal A1<br \/>\nCompatibles avec : Aegis Pod, Wenax Stylus et Wenax C1<\/p>\n","protected":false},"excerpt":{"rendered":"<p>Sp\u00e9cialement con\u00e7ue pour les kits Aegis Pod et Wenax C1 sign\u00e9s Geek Vape, la r\u00e9sistance Aegis G-Series s\u00e9duira les amateurs de r\u00e9alisme et de d\u00e9couverte en offrant des sensations aussi riches que vari\u00e9es. R\u00e9sistance : 0.8 et 1.2ohm Mat\u00e9riau : Mesh Kanthal A1 Compatibles avec : Aegis Pod, Wenax Stylus et Wenax C1<\/p>\n","protected":false},"featured_media":31176,"comment_status":"open","ping_status":"closed","template":"","meta":{"om_disable_all_campaigns":false,"_monsterinsights_skip_tracking":false,"_monsterinsights_sitenote_active":false,"_monsterinsights_sitenote_note":"","_monsterinsights_sitenote_category":0},"product_brand":[],"product_cat":[413,409],"product_tag":[],"class_list":{"0":"post-31971","1":"product","2":"type-product","3":"status-publish","4":"has-post-thumbnail","6":"product_cat-geekvape","7":"product_cat-resistances-2","10":"first","11":"instock","12":"featured","13":"shipping-taxable","14":"purchasable","15":"product-type-variable"},"aioseo_notices":[],"jetpack_sharing_enabled":true,"_links":{"self":[{"href":"https:\/\/normandie.ma\/index.php?rest_route=\/wp\/v2\/product\/31971","targetHints":{"allow":["GET"]}}],"collection":[{"href":"https:\/\/normandie.ma\/index.php?rest_route=\/wp\/v2\/product"}],"about":[{"href":"https:\/\/normandie.ma\/index.php?rest_route=\/wp\/v2\/types\/product"}],"replies":[{"embeddable":true,"href":"https:\/\/normandie.ma\/index.php?rest_route=%2Fwp%2Fv2%2Fcomments&post=31971"}],"wp:featuredmedia":[{"embeddable":true,"href":"https:\/\/normandie.ma\/index.php?rest_route=\/wp\/v2\/media\/31176"}],"wp:attachment":[{"href":"https:\/\/normandie.ma\/index.php?rest_route=%2Fwp%2Fv2%2Fmedia&parent=31971"}],"wp:term":[{"taxonomy":"product_brand","embeddable":true,"href":"https:\/\/normandie.ma\/index.php?rest_route=%2Fwp%2Fv2%2Fproduct_brand&post=31971"},{"taxonomy":"product_cat","embeddable":true,"href":"https:\/\/normandie.ma\/index.php?rest_route=%2Fwp%2Fv2%2Fproduct_cat&post=31971"},{"taxonomy":"product_tag","embeddable":true,"href":"https:\/\/normandie.ma\/index.php?rest_route=%2Fwp%2Fv2%2Fproduct_tag&post=31971"}],"curies":[{"name":"wp","href":"https:\/\/api.w.org\/{rel}","templated":true}]}}