{"id":31973,"date":"2023-05-27T23:22:23","date_gmt":"2023-05-27T23:22:23","guid":{"rendered":"https:\/\/normandie.ma\/?product=resistance-geekvape-one-pod-0-8ohm"},"modified":"2023-05-27T23:22:23","modified_gmt":"2023-05-27T23:22:23","slug":"resistance-geekvape-one-pod-0-8ohm","status":"publish","type":"product","link":"https:\/\/normandie.ma\/?product=resistance-geekvape-one-pod-0-8ohm","title":{"rendered":"R\u00e9sistance GeekVape One Pod 0.8ohm"},"content":{"rendered":"<p>Acheter la r\u00e9sistance de remplacement Geekvape pour le Kit Geekvape ONE. La valeur de la r\u00e9sistance est de 0,8ohm, avec une grande surface de contact avec l\u2019e-liquide et chauffe l\u2019e-liquide uniform\u00e9ment et rapidement, vous apportant un grand nuage et une saveur pure. Les r\u00e9sistances Geekvape ont un design sans fil, facile \u00e0 installer et \u00e0 remplacer.<\/p>\n","protected":false},"excerpt":{"rendered":"<p>Acheter la r\u00e9sistance de remplacement Geekvape pour le Kit Geekvape ONE. La valeur de la r\u00e9sistance est de 0,8ohm, avec une grande surface de contact avec l\u2019e-liquide et chauffe l\u2019e-liquide uniform\u00e9ment et rapidement, vous apportant un grand nuage et une saveur pure. Les r\u00e9sistances Geekvape ont un design sans fil, facile \u00e0 installer et \u00e0 [&hellip;]<\/p>\n","protected":false},"featured_media":31178,"comment_status":"open","ping_status":"closed","template":"","meta":{"om_disable_all_campaigns":false,"_monsterinsights_skip_tracking":false,"_monsterinsights_sitenote_active":false,"_monsterinsights_sitenote_note":"","_monsterinsights_sitenote_category":0},"product_brand":[],"product_cat":[413,409],"product_tag":[],"class_list":{"0":"post-31973","1":"product","2":"type-product","3":"status-publish","4":"has-post-thumbnail","6":"product_cat-geekvape","7":"product_cat-resistances-2","10":"first","11":"instock","12":"featured","13":"shipping-taxable","14":"purchasable","15":"product-type-simple"},"aioseo_notices":[],"jetpack_sharing_enabled":true,"_links":{"self":[{"href":"https:\/\/normandie.ma\/index.php?rest_route=\/wp\/v2\/product\/31973","targetHints":{"allow":["GET"]}}],"collection":[{"href":"https:\/\/normandie.ma\/index.php?rest_route=\/wp\/v2\/product"}],"about":[{"href":"https:\/\/normandie.ma\/index.php?rest_route=\/wp\/v2\/types\/product"}],"replies":[{"embeddable":true,"href":"https:\/\/normandie.ma\/index.php?rest_route=%2Fwp%2Fv2%2Fcomments&post=31973"}],"wp:featuredmedia":[{"embeddable":true,"href":"https:\/\/normandie.ma\/index.php?rest_route=\/wp\/v2\/media\/31178"}],"wp:attachment":[{"href":"https:\/\/normandie.ma\/index.php?rest_route=%2Fwp%2Fv2%2Fmedia&parent=31973"}],"wp:term":[{"taxonomy":"product_brand","embeddable":true,"href":"https:\/\/normandie.ma\/index.php?rest_route=%2Fwp%2Fv2%2Fproduct_brand&post=31973"},{"taxonomy":"product_cat","embeddable":true,"href":"https:\/\/normandie.ma\/index.php?rest_route=%2Fwp%2Fv2%2Fproduct_cat&post=31973"},{"taxonomy":"product_tag","embeddable":true,"href":"https:\/\/normandie.ma\/index.php?rest_route=%2Fwp%2Fv2%2Fproduct_tag&post=31973"}],"curies":[{"name":"wp","href":"https:\/\/api.w.org\/{rel}","templated":true}]}}