{"id":31974,"date":"2023-05-27T23:22:24","date_gmt":"2023-05-27T23:22:24","guid":{"rendered":"https:\/\/normandie.ma\/?product=resistance-k1-geekvape"},"modified":"2023-05-28T22:54:44","modified_gmt":"2023-05-28T22:54:44","slug":"resistance-k1-geekvape","status":"publish","type":"product","link":"https:\/\/normandie.ma\/?product=resistance-k1-geekvape","title":{"rendered":"R\u00e9sistance K1 \u2013 GeekVape"},"content":{"rendered":"<p>La cartouche Geekvape Wenax K1 est con\u00e7ue sp\u00e9cialement pour le kit Geekvape Wenax K1. Le volume de remplissage est de 2ml, offre 300\uff5e400 Puffs, le pod Wenax K1 peut \u00eatre facilement rempli avec un syst\u00e8me de classement lat\u00e9ral. Afin de recharger la cartouche, il faut la retirer du pack de batterie. Le drip tip est plat, s\u2019adapte parfaitement aux l\u00e8vres, et a une taille confortable. La cartouche Geekvape Wenax K1 Pod est une sorte de pod rempla\u00e7able avec une r\u00e9sistance int\u00e9gr\u00e9e. Deux types d\u2019options de cartouche avec r\u00e9sistance int\u00e9gr\u00e9e de 0,8ohm et 1,2ohm sont fournis. Ne supporte pas le r\u00e9glage du flux d\u2019air. La cartouche Wenax K1 a \u00e9t\u00e9 fix\u00e9e dans le pack de batterie avec des aimants, ce qui est presque devenu une norme, de sorte que le processus de remplacement de la cartouche ne prend que quelques secondes. Capacit\u00e9: 2ml<br \/>\nType de remplissage : Remplissage lat\u00e9ral<br \/>\nR\u00e9sistance : 0.8ohm (12-16W), 1.2ohm (10-12W)<br \/>\nConvient pour : Geekvape Wenax K1, Wenax K1 SE Kit<\/p>\n","protected":false},"excerpt":{"rendered":"<p>La cartouche Geekvape Wenax K1 est con\u00e7ue sp\u00e9cialement pour le kit Geekvape Wenax K1. Le volume de remplissage est de 2ml, offre 300\uff5e400 Puffs, le pod Wenax K1 peut \u00eatre facilement rempli avec un syst\u00e8me de classement lat\u00e9ral. Afin de recharger la cartouche, il faut la retirer du pack de batterie. Le drip tip est [&hellip;]<\/p>\n","protected":false},"featured_media":31179,"comment_status":"open","ping_status":"closed","template":"","meta":{"om_disable_all_campaigns":false,"_monsterinsights_skip_tracking":false,"_monsterinsights_sitenote_active":false,"_monsterinsights_sitenote_note":"","_monsterinsights_sitenote_category":0},"product_brand":[],"product_cat":[413,409],"product_tag":[],"class_list":{"0":"post-31974","1":"product","2":"type-product","3":"status-publish","4":"has-post-thumbnail","6":"product_cat-geekvape","7":"product_cat-resistances-2","10":"first","11":"instock","12":"featured","13":"shipping-taxable","14":"purchasable","15":"product-type-variable"},"aioseo_notices":[],"jetpack_sharing_enabled":true,"_links":{"self":[{"href":"https:\/\/normandie.ma\/index.php?rest_route=\/wp\/v2\/product\/31974","targetHints":{"allow":["GET"]}}],"collection":[{"href":"https:\/\/normandie.ma\/index.php?rest_route=\/wp\/v2\/product"}],"about":[{"href":"https:\/\/normandie.ma\/index.php?rest_route=\/wp\/v2\/types\/product"}],"replies":[{"embeddable":true,"href":"https:\/\/normandie.ma\/index.php?rest_route=%2Fwp%2Fv2%2Fcomments&post=31974"}],"wp:featuredmedia":[{"embeddable":true,"href":"https:\/\/normandie.ma\/index.php?rest_route=\/wp\/v2\/media\/31179"}],"wp:attachment":[{"href":"https:\/\/normandie.ma\/index.php?rest_route=%2Fwp%2Fv2%2Fmedia&parent=31974"}],"wp:term":[{"taxonomy":"product_brand","embeddable":true,"href":"https:\/\/normandie.ma\/index.php?rest_route=%2Fwp%2Fv2%2Fproduct_brand&post=31974"},{"taxonomy":"product_cat","embeddable":true,"href":"https:\/\/normandie.ma\/index.php?rest_route=%2Fwp%2Fv2%2Fproduct_cat&post=31974"},{"taxonomy":"product_tag","embeddable":true,"href":"https:\/\/normandie.ma\/index.php?rest_route=%2Fwp%2Fv2%2Fproduct_tag&post=31974"}],"curies":[{"name":"wp","href":"https:\/\/api.w.org\/{rel}","templated":true}]}}