{"id":31975,"date":"2023-05-27T23:22:24","date_gmt":"2023-05-27T23:22:24","guid":{"rendered":"https:\/\/normandie.ma\/?product=resistance-u-pod-geekvape"},"modified":"2023-05-28T22:55:28","modified_gmt":"2023-05-28T22:55:28","slug":"resistance-u-pod-geekvape","status":"publish","type":"product","link":"https:\/\/normandie.ma\/?product=resistance-u-pod-geekvape","title":{"rendered":"R\u00e9sistance U Pod GeekVape"},"content":{"rendered":"<p>Ce sont les cartouches pods officiels de Geek Vape, parfaitement adapt\u00e9s au kit Sonder U Pod. Ces kits de pods utilisent une cartouche de pods scell\u00e9e. La r\u00e9sistance est int\u00e9gr\u00e9e et elle n\u2019est donc pas rempla\u00e7able. Lorsqu\u2019elle sera us\u00e9e, il suffira de changer la cartouche dans son int\u00e9gralit\u00e9. Capacit\u00e9 : 2ml<br \/>\nCompatibilit\u00e9 : Kit Sonder U \/ Kit Aegis U<br \/>\nPlage d\u2019utilisation conseill\u00e9e : 16-19W (0,7 ohm)<br \/>\nValeur de la r\u00e9sistance : 0,7 ohm<\/p>\n","protected":false},"excerpt":{"rendered":"<p>Ce sont les cartouches pods officiels de Geek Vape, parfaitement adapt\u00e9s au kit Sonder U Pod. Ces kits de pods utilisent une cartouche de pods scell\u00e9e. La r\u00e9sistance est int\u00e9gr\u00e9e et elle n\u2019est donc pas rempla\u00e7able. Lorsqu\u2019elle sera us\u00e9e, il suffira de changer la cartouche dans son int\u00e9gralit\u00e9. Capacit\u00e9 : 2ml Compatibilit\u00e9 : Kit Sonder [&hellip;]<\/p>\n","protected":false},"featured_media":31180,"comment_status":"open","ping_status":"closed","template":"","meta":{"om_disable_all_campaigns":false,"_monsterinsights_skip_tracking":false,"_monsterinsights_sitenote_active":false,"_monsterinsights_sitenote_note":"","_monsterinsights_sitenote_category":0},"product_brand":[],"product_cat":[413,409],"product_tag":[],"class_list":{"0":"post-31975","1":"product","2":"type-product","3":"status-publish","4":"has-post-thumbnail","6":"product_cat-geekvape","7":"product_cat-resistances-2","10":"first","11":"instock","12":"featured","13":"shipping-taxable","14":"purchasable","15":"product-type-variable"},"aioseo_notices":[],"jetpack_sharing_enabled":true,"_links":{"self":[{"href":"https:\/\/normandie.ma\/index.php?rest_route=\/wp\/v2\/product\/31975","targetHints":{"allow":["GET"]}}],"collection":[{"href":"https:\/\/normandie.ma\/index.php?rest_route=\/wp\/v2\/product"}],"about":[{"href":"https:\/\/normandie.ma\/index.php?rest_route=\/wp\/v2\/types\/product"}],"replies":[{"embeddable":true,"href":"https:\/\/normandie.ma\/index.php?rest_route=%2Fwp%2Fv2%2Fcomments&post=31975"}],"wp:featuredmedia":[{"embeddable":true,"href":"https:\/\/normandie.ma\/index.php?rest_route=\/wp\/v2\/media\/31180"}],"wp:attachment":[{"href":"https:\/\/normandie.ma\/index.php?rest_route=%2Fwp%2Fv2%2Fmedia&parent=31975"}],"wp:term":[{"taxonomy":"product_brand","embeddable":true,"href":"https:\/\/normandie.ma\/index.php?rest_route=%2Fwp%2Fv2%2Fproduct_brand&post=31975"},{"taxonomy":"product_cat","embeddable":true,"href":"https:\/\/normandie.ma\/index.php?rest_route=%2Fwp%2Fv2%2Fproduct_cat&post=31975"},{"taxonomy":"product_tag","embeddable":true,"href":"https:\/\/normandie.ma\/index.php?rest_route=%2Fwp%2Fv2%2Fproduct_tag&post=31975"}],"curies":[{"name":"wp","href":"https:\/\/api.w.org\/{rel}","templated":true}]}}