{"id":31976,"date":"2023-05-27T23:22:24","date_gmt":"2023-05-27T23:22:24","guid":{"rendered":"https:\/\/normandie.ma\/?product=resistance-joytech-cubis"},"modified":"2023-05-28T22:55:50","modified_gmt":"2023-05-28T22:55:50","slug":"resistance-joytech-cubis","status":"publish","type":"product","link":"https:\/\/normandie.ma\/?product=resistance-joytech-cubis","title":{"rendered":"R\u00e9sistance Joytech Cubis"},"content":{"rendered":"<p>La r\u00e9sistance BF pour atomiseur Cubis de Joyetech est fabriqu\u00e9e en coton 100% organique et en acier inoxydable (inox 316). Elle peut fonctionner en mode watt pour un vapotage classique et en mode contr\u00f4le de temp\u00e9rature avec les mods \u00e9quip\u00e9s en acier inoxydable. Contr\u00f4le de temp\u00e9rature : oui<br \/>\nMati\u00e8re : SS316 \/ Ni200<br \/>\nCompatibilit\u00e9 Kit : eGo AIO 1500 kit \u2013 Joyetech, eGo AIO 1500 kit \u2013 Joyetech, kit Ego AIO Eco Friendly \u2013 Joyetech<br \/>\nCompatibilit\u00e9 atomiseur : Cubis Tank \u2013 Joyetech<\/p>\n","protected":false},"excerpt":{"rendered":"<p>La r\u00e9sistance BF pour atomiseur Cubis de Joyetech est fabriqu\u00e9e en coton 100% organique et en acier inoxydable (inox 316). Elle peut fonctionner en mode watt pour un vapotage classique et en mode contr\u00f4le de temp\u00e9rature avec les mods \u00e9quip\u00e9s en acier inoxydable. Contr\u00f4le de temp\u00e9rature : oui Mati\u00e8re : SS316 \/ Ni200 Compatibilit\u00e9 Kit [&hellip;]<\/p>\n","protected":false},"featured_media":31182,"comment_status":"open","ping_status":"closed","template":"","meta":{"om_disable_all_campaigns":false,"_monsterinsights_skip_tracking":false,"_monsterinsights_sitenote_active":false,"_monsterinsights_sitenote_note":"","_monsterinsights_sitenote_category":0},"product_brand":[],"product_cat":[414,409],"product_tag":[],"class_list":{"0":"post-31976","1":"product","2":"type-product","3":"status-publish","4":"has-post-thumbnail","6":"product_cat-joytech","7":"product_cat-resistances-2","10":"first","11":"instock","12":"featured","13":"shipping-taxable","14":"purchasable","15":"product-type-variable"},"aioseo_notices":[],"jetpack_sharing_enabled":true,"_links":{"self":[{"href":"https:\/\/normandie.ma\/index.php?rest_route=\/wp\/v2\/product\/31976","targetHints":{"allow":["GET"]}}],"collection":[{"href":"https:\/\/normandie.ma\/index.php?rest_route=\/wp\/v2\/product"}],"about":[{"href":"https:\/\/normandie.ma\/index.php?rest_route=\/wp\/v2\/types\/product"}],"replies":[{"embeddable":true,"href":"https:\/\/normandie.ma\/index.php?rest_route=%2Fwp%2Fv2%2Fcomments&post=31976"}],"wp:featuredmedia":[{"embeddable":true,"href":"https:\/\/normandie.ma\/index.php?rest_route=\/wp\/v2\/media\/31182"}],"wp:attachment":[{"href":"https:\/\/normandie.ma\/index.php?rest_route=%2Fwp%2Fv2%2Fmedia&parent=31976"}],"wp:term":[{"taxonomy":"product_brand","embeddable":true,"href":"https:\/\/normandie.ma\/index.php?rest_route=%2Fwp%2Fv2%2Fproduct_brand&post=31976"},{"taxonomy":"product_cat","embeddable":true,"href":"https:\/\/normandie.ma\/index.php?rest_route=%2Fwp%2Fv2%2Fproduct_cat&post=31976"},{"taxonomy":"product_tag","embeddable":true,"href":"https:\/\/normandie.ma\/index.php?rest_route=%2Fwp%2Fv2%2Fproduct_tag&post=31976"}],"curies":[{"name":"wp","href":"https:\/\/api.w.org\/{rel}","templated":true}]}}