{"id":31977,"date":"2023-05-27T23:22:25","date_gmt":"2023-05-27T23:22:25","guid":{"rendered":"https:\/\/normandie.ma\/?product=resistance-lostvape-ub-lite"},"modified":"2025-01-23T15:36:13","modified_gmt":"2025-01-23T15:36:13","slug":"resistance-lostvape-ub-lite","status":"publish","type":"product","link":"https:\/\/normandie.ma\/?product=resistance-lostvape-ub-lite","title":{"rendered":"R\u00e9sistance LostVape UB Lite"},"content":{"rendered":"<p>Les r\u00e9sistances UB Lite de Lost Vape utilisent la technologie Mesh. Une large bande m\u00e9tallique qui maximise la surface de chauffe et optimise la dur\u00e9e de vie de ces r\u00e9sistances. Vous retrouverez la vapeur dense et l\u2019extraction parfaite des ar\u00f4mes de votre pod UB Lite apr\u00e8s remplacement, et pour longtemps. Marque Compatible : Lost Vape<br \/>\nContr\u00f4le de temp\u00e9rature : non<br \/>\nValeur de la r\u00e9sistance : 1,4ohm, 0,4ohm, 0,8ohm<br \/>\nType de r\u00e9sistance : Mesh<br \/>\nPlage de puissance : 8-10W, 20-30W, 12-17W<br \/>\nUtilisation Classique<br \/>\nMarque : LOST VAPE<br \/>\nInhalation : directe, tirage a\u00e9rien ou restrictif indirecte, tirage serr\u00e9<br \/>\nCompatibilit\u00e9 Kit : Pod UB Lite \u2013 Lost Vape<br \/>\nCompatibilit\u00e9 atomiseur : Cartouche UB Lite \u2013 Lost Vape<\/p>\n","protected":false},"excerpt":{"rendered":"<p>Les r\u00e9sistances UB Lite de Lost Vape utilisent la technologie Mesh. Une large bande m\u00e9tallique qui maximise la surface de chauffe et optimise la dur\u00e9e de vie de ces r\u00e9sistances. Vous retrouverez la vapeur dense et l\u2019extraction parfaite des ar\u00f4mes de votre pod UB Lite apr\u00e8s remplacement, et pour longtemps. Marque Compatible : Lost Vape [&hellip;]<\/p>\n","protected":false},"featured_media":31183,"comment_status":"open","ping_status":"closed","template":"","meta":{"om_disable_all_campaigns":false,"_monsterinsights_skip_tracking":false,"_monsterinsights_sitenote_active":false,"_monsterinsights_sitenote_note":"","_monsterinsights_sitenote_category":0},"product_brand":[],"product_cat":[415,409],"product_tag":[],"class_list":{"0":"post-31977","1":"product","2":"type-product","3":"status-publish","4":"has-post-thumbnail","6":"product_cat-lost-vape-resistances-2","7":"product_cat-resistances-2","10":"first","11":"instock","12":"featured","13":"shipping-taxable","14":"purchasable","15":"product-type-variable"},"aioseo_notices":[],"jetpack_sharing_enabled":true,"_links":{"self":[{"href":"https:\/\/normandie.ma\/index.php?rest_route=\/wp\/v2\/product\/31977","targetHints":{"allow":["GET"]}}],"collection":[{"href":"https:\/\/normandie.ma\/index.php?rest_route=\/wp\/v2\/product"}],"about":[{"href":"https:\/\/normandie.ma\/index.php?rest_route=\/wp\/v2\/types\/product"}],"replies":[{"embeddable":true,"href":"https:\/\/normandie.ma\/index.php?rest_route=%2Fwp%2Fv2%2Fcomments&post=31977"}],"wp:featuredmedia":[{"embeddable":true,"href":"https:\/\/normandie.ma\/index.php?rest_route=\/wp\/v2\/media\/31183"}],"wp:attachment":[{"href":"https:\/\/normandie.ma\/index.php?rest_route=%2Fwp%2Fv2%2Fmedia&parent=31977"}],"wp:term":[{"taxonomy":"product_brand","embeddable":true,"href":"https:\/\/normandie.ma\/index.php?rest_route=%2Fwp%2Fv2%2Fproduct_brand&post=31977"},{"taxonomy":"product_cat","embeddable":true,"href":"https:\/\/normandie.ma\/index.php?rest_route=%2Fwp%2Fv2%2Fproduct_cat&post=31977"},{"taxonomy":"product_tag","embeddable":true,"href":"https:\/\/normandie.ma\/index.php?rest_route=%2Fwp%2Fv2%2Fproduct_tag&post=31977"}],"curies":[{"name":"wp","href":"https:\/\/api.w.org\/{rel}","templated":true}]}}