{"id":31979,"date":"2023-05-27T23:22:26","date_gmt":"2023-05-27T23:22:26","guid":{"rendered":"https:\/\/normandie.ma\/?product=resistance-lostvape-ultra-boost"},"modified":"2023-05-28T22:47:18","modified_gmt":"2023-05-28T22:47:18","slug":"resistance-lostvape-ultra-boost","status":"publish","type":"product","link":"https:\/\/normandie.ma\/?product=resistance-lostvape-ultra-boost","title":{"rendered":"R\u00e9sistance LostVape Ultra Boost"},"content":{"rendered":"<p>Offrant des sensations vari\u00e9es entre 0,15 et 0,6 ohm, la r\u00e9sistance Ultra Boost vous offre de quoi largement balayer le c\u00f4t\u00e9 nuageux de la vape. Fabriqu\u00e9e en Mesh, cette r\u00e9sistance vous permet de switcher \u00e0 volont\u00e9 de sensations tout en profitant d\u2019un tirage toujours tr\u00e8s concentr\u00e9 en saveurs.<\/p>\n","protected":false},"excerpt":{"rendered":"<p>Offrant des sensations vari\u00e9es entre 0,15 et 0,6 ohm, la r\u00e9sistance Ultra Boost vous offre de quoi largement balayer le c\u00f4t\u00e9 nuageux de la vape. Fabriqu\u00e9e en Mesh, cette r\u00e9sistance vous permet de switcher \u00e0 volont\u00e9 de sensations tout en profitant d\u2019un tirage toujours tr\u00e8s concentr\u00e9 en saveurs.<\/p>\n","protected":false},"featured_media":31185,"comment_status":"open","ping_status":"closed","template":"","meta":{"om_disable_all_campaigns":false,"_monsterinsights_skip_tracking":false,"_monsterinsights_sitenote_active":false,"_monsterinsights_sitenote_note":"","_monsterinsights_sitenote_category":0},"product_brand":[],"product_cat":[415,409],"product_tag":[],"class_list":{"0":"post-31979","1":"product","2":"type-product","3":"status-publish","4":"has-post-thumbnail","6":"product_cat-lost-vape-resistances-2","7":"product_cat-resistances-2","10":"first","11":"instock","12":"featured","13":"shipping-taxable","14":"purchasable","15":"product-type-variable"},"aioseo_notices":[],"jetpack_sharing_enabled":true,"_links":{"self":[{"href":"https:\/\/normandie.ma\/index.php?rest_route=\/wp\/v2\/product\/31979","targetHints":{"allow":["GET"]}}],"collection":[{"href":"https:\/\/normandie.ma\/index.php?rest_route=\/wp\/v2\/product"}],"about":[{"href":"https:\/\/normandie.ma\/index.php?rest_route=\/wp\/v2\/types\/product"}],"replies":[{"embeddable":true,"href":"https:\/\/normandie.ma\/index.php?rest_route=%2Fwp%2Fv2%2Fcomments&post=31979"}],"wp:featuredmedia":[{"embeddable":true,"href":"https:\/\/normandie.ma\/index.php?rest_route=\/wp\/v2\/media\/31185"}],"wp:attachment":[{"href":"https:\/\/normandie.ma\/index.php?rest_route=%2Fwp%2Fv2%2Fmedia&parent=31979"}],"wp:term":[{"taxonomy":"product_brand","embeddable":true,"href":"https:\/\/normandie.ma\/index.php?rest_route=%2Fwp%2Fv2%2Fproduct_brand&post=31979"},{"taxonomy":"product_cat","embeddable":true,"href":"https:\/\/normandie.ma\/index.php?rest_route=%2Fwp%2Fv2%2Fproduct_cat&post=31979"},{"taxonomy":"product_tag","embeddable":true,"href":"https:\/\/normandie.ma\/index.php?rest_route=%2Fwp%2Fv2%2Fproduct_tag&post=31979"}],"curies":[{"name":"wp","href":"https:\/\/api.w.org\/{rel}","templated":true}]}}