{"id":31980,"date":"2023-05-27T23:22:26","date_gmt":"2023-05-27T23:22:26","guid":{"rendered":"https:\/\/normandie.ma\/?product=resistance-voopoo-pnp"},"modified":"2025-03-03T12:01:23","modified_gmt":"2025-03-03T12:01:23","slug":"resistance-voopoo-pnp","status":"publish","type":"product","link":"https:\/\/normandie.ma\/?product=resistance-voopoo-pnp","title":{"rendered":"R\u00e9sistance Voopoo PnP"},"content":{"rendered":"<p>La r\u00e9sistance PnP de Voopoo est une r\u00e9sistance de remplacement compatible avec de nombreux kits e-cigarette Voopoo des gammes Drag, Vinci, Navi et Argus. Vous trouverez ici la r\u00e9sistance qui vous permettra de passer \u00e0 votre convenance de petites bouff\u00e9es tr\u00e8s concentr\u00e9es en saveurs \u00e0 des nuages plus g\u00e9n\u00e9reux et a\u00e9r\u00e9s mais toujours d\u00e9licieux. Compatibilit\u00e9 atomiseur : XRP RTA \u2013 Mechlyfe<br \/>\nMarque Compatible : ISUREVAPE, Voopoo, Mechlyfe<br \/>\nContr\u00f4le de temp\u00e9rature : Non<br \/>\nValeur de la r\u00e9sistance : 0,2ohm, 1,2ohm, 0,45ohm, 0,8ohm, 0,15ohm, 0,3ohm, 0,6ohm<br \/>\nInhalation : directe et indirecte<\/p>\n<p>Compatibilit\u00e9 Kit : Invader GT \u2013 Tesla, Navi \u2013 Voopoo, Argus 40W \u2013 Voopoo, Vinci R \u2013 Voopoo, Drag Mini \u2013 Voopoo, V Suit \u2013 Voopoo, Drag 2 Refresh Edition \u2013 Voopoo, Vinci 2 \u2013 Voopoo, Drag S \u2013 Voopoo, Drag Baby Trio \u2013 Voopoo, Vinci AIR \u2013 Voopoo, Drag Max \u2013 Voopoo, Vinci \u2013 Voopoo, Argus Pro \u2013 Voopoo, Vinci X \u2013 Voopoo, Diavel 80W \u2013 Isurevape, Argus Air \u2013 Voopoo, Argus GT \u2013 Voopoo, Vinci X 2 \u2013 Voopoo, Drag X \u2013 Voopoo<\/p>\n<p>Compatibilit\u00e9 atomiseur : Cartouche Diavel \u2013 Isurevape, Cartouches Navi \u2013 Voopoo, Cartouche Drag Refresh Edition \u2013 Voopoo, Cartouche Vinci AIR \u2013 Voopoo, Cartouche Invader GT \u2013 Tesla, Cartouches V Suit \u2013 Voopoo, Cartouches Vinci 2 \u2013 Voopoo, Cartouches Drag S\/X \u2013 Voopoo, Cartouche Vinci \u2013 Voopoo, PnP Tank \u2013 Voopoo<\/p>\n","protected":false},"excerpt":{"rendered":"<p>La r\u00e9sistance PnP de Voopoo est une r\u00e9sistance de remplacement compatible avec de nombreux kits e-cigarette Voopoo des gammes Drag, Vinci, Navi et Argus. Vous trouverez ici la r\u00e9sistance qui vous permettra de passer \u00e0 votre convenance de petites bouff\u00e9es tr\u00e8s concentr\u00e9es en saveurs \u00e0 des nuages plus g\u00e9n\u00e9reux et a\u00e9r\u00e9s mais toujours d\u00e9licieux. Compatibilit\u00e9 [&hellip;]<\/p>\n","protected":false},"featured_media":31186,"comment_status":"open","ping_status":"closed","template":"","meta":{"om_disable_all_campaigns":false,"_monsterinsights_skip_tracking":false,"_monsterinsights_sitenote_active":false,"_monsterinsights_sitenote_note":"","_monsterinsights_sitenote_category":0},"product_brand":[],"product_cat":[409,416],"product_tag":[],"class_list":{"0":"post-31980","1":"product","2":"type-product","3":"status-publish","4":"has-post-thumbnail","6":"product_cat-resistances-2","7":"product_cat-voopoo-resistances-2","10":"first","11":"instock","12":"featured","13":"shipping-taxable","14":"purchasable","15":"product-type-variable"},"aioseo_notices":[],"jetpack_sharing_enabled":true,"_links":{"self":[{"href":"https:\/\/normandie.ma\/index.php?rest_route=\/wp\/v2\/product\/31980","targetHints":{"allow":["GET"]}}],"collection":[{"href":"https:\/\/normandie.ma\/index.php?rest_route=\/wp\/v2\/product"}],"about":[{"href":"https:\/\/normandie.ma\/index.php?rest_route=\/wp\/v2\/types\/product"}],"replies":[{"embeddable":true,"href":"https:\/\/normandie.ma\/index.php?rest_route=%2Fwp%2Fv2%2Fcomments&post=31980"}],"wp:featuredmedia":[{"embeddable":true,"href":"https:\/\/normandie.ma\/index.php?rest_route=\/wp\/v2\/media\/31186"}],"wp:attachment":[{"href":"https:\/\/normandie.ma\/index.php?rest_route=%2Fwp%2Fv2%2Fmedia&parent=31980"}],"wp:term":[{"taxonomy":"product_brand","embeddable":true,"href":"https:\/\/normandie.ma\/index.php?rest_route=%2Fwp%2Fv2%2Fproduct_brand&post=31980"},{"taxonomy":"product_cat","embeddable":true,"href":"https:\/\/normandie.ma\/index.php?rest_route=%2Fwp%2Fv2%2Fproduct_cat&post=31980"},{"taxonomy":"product_tag","embeddable":true,"href":"https:\/\/normandie.ma\/index.php?rest_route=%2Fwp%2Fv2%2Fproduct_tag&post=31980"}],"curies":[{"name":"wp","href":"https:\/\/api.w.org\/{rel}","templated":true}]}}