{"id":31982,"date":"2023-05-27T23:22:27","date_gmt":"2023-05-27T23:22:27","guid":{"rendered":"https:\/\/normandie.ma\/?product=resistance-voopoo-tpp"},"modified":"2023-05-28T21:50:03","modified_gmt":"2023-05-28T21:50:03","slug":"resistance-voopoo-tpp","status":"publish","type":"product","link":"https:\/\/normandie.ma\/?product=resistance-voopoo-tpp","title":{"rendered":"R\u00e9sistance Voopoo TPP"},"content":{"rendered":"<p>Les r\u00e9sistances TPP sont con\u00e7ues pour une vape en inhalation directe (DL) pour encore plus de saveurs et de vapeur. Compatibles avec le clearomiseur TPP Tank par Voopoo, elles sont compos\u00e9es de Mesh pour une long\u00e9vit\u00e9 extr\u00eame et une surface de chauffe in\u00e9gal\u00e9e. Elles sont disponibles en 0.3, 0.2 et 0.15 ohm pour une utilisation avec un fort taux de VG. TPP-DM1 de 0.15 \u03a9 \u00e0 utiliser entre 60 et 80 watts.<br \/>\nTPP-DM2 de 0.2 \u03a9 \u00e0 utiliser entre 40 et 60 watts.<br \/>\nTPP-DM3 de 0.15 \u03a9 \u00e0 utiliser entre 80 et 100 watts.<br \/>\nTPP-DM4 de 0.3 \u03a9 \u00e0 utiliser entre 32 et 40 watts.<br \/>\nLes r\u00e9sistances TPP sont fabriqu\u00e9es par Voopoo<\/p>\n","protected":false},"excerpt":{"rendered":"<p>Les r\u00e9sistances TPP sont con\u00e7ues pour une vape en inhalation directe (DL) pour encore plus de saveurs et de vapeur. Compatibles avec le clearomiseur TPP Tank par Voopoo, elles sont compos\u00e9es de Mesh pour une long\u00e9vit\u00e9 extr\u00eame et une surface de chauffe in\u00e9gal\u00e9e. Elles sont disponibles en 0.3, 0.2 et 0.15 ohm pour une utilisation [&hellip;]<\/p>\n","protected":false},"featured_media":31188,"comment_status":"open","ping_status":"closed","template":"","meta":{"om_disable_all_campaigns":false,"_monsterinsights_skip_tracking":false,"_monsterinsights_sitenote_active":false,"_monsterinsights_sitenote_note":"","_monsterinsights_sitenote_category":0},"product_brand":[],"product_cat":[409,416],"product_tag":[],"class_list":{"0":"post-31982","1":"product","2":"type-product","3":"status-publish","4":"has-post-thumbnail","6":"product_cat-resistances-2","7":"product_cat-voopoo-resistances-2","10":"first","11":"instock","12":"featured","13":"shipping-taxable","14":"purchasable","15":"product-type-variable"},"aioseo_notices":[],"jetpack_sharing_enabled":true,"_links":{"self":[{"href":"https:\/\/normandie.ma\/index.php?rest_route=\/wp\/v2\/product\/31982","targetHints":{"allow":["GET"]}}],"collection":[{"href":"https:\/\/normandie.ma\/index.php?rest_route=\/wp\/v2\/product"}],"about":[{"href":"https:\/\/normandie.ma\/index.php?rest_route=\/wp\/v2\/types\/product"}],"replies":[{"embeddable":true,"href":"https:\/\/normandie.ma\/index.php?rest_route=%2Fwp%2Fv2%2Fcomments&post=31982"}],"wp:featuredmedia":[{"embeddable":true,"href":"https:\/\/normandie.ma\/index.php?rest_route=\/wp\/v2\/media\/31188"}],"wp:attachment":[{"href":"https:\/\/normandie.ma\/index.php?rest_route=%2Fwp%2Fv2%2Fmedia&parent=31982"}],"wp:term":[{"taxonomy":"product_brand","embeddable":true,"href":"https:\/\/normandie.ma\/index.php?rest_route=%2Fwp%2Fv2%2Fproduct_brand&post=31982"},{"taxonomy":"product_cat","embeddable":true,"href":"https:\/\/normandie.ma\/index.php?rest_route=%2Fwp%2Fv2%2Fproduct_cat&post=31982"},{"taxonomy":"product_tag","embeddable":true,"href":"https:\/\/normandie.ma\/index.php?rest_route=%2Fwp%2Fv2%2Fproduct_tag&post=31982"}],"curies":[{"name":"wp","href":"https:\/\/api.w.org\/{rel}","templated":true}]}}