{"id":31984,"date":"2023-05-27T23:22:27","date_gmt":"2023-05-27T23:22:27","guid":{"rendered":"https:\/\/normandie.ma\/?product=resistance-voopoo-ito-pour-doric-20"},"modified":"2023-05-28T22:46:33","modified_gmt":"2023-05-28T22:46:33","slug":"resistance-voopoo-ito-pour-doric-20","status":"publish","type":"product","link":"https:\/\/normandie.ma\/?product=resistance-voopoo-ito-pour-doric-20","title":{"rendered":"R\u00e9sistance Voopoo ITO pour Doric 20"},"content":{"rendered":"<p>Les r\u00e9sistances ITO de chez VOOPOO sont destin\u00e9es \u00e0 aller sur la cigarette \u00e9lectronique Doric 20 et le pod Drag Q ! R\u00e9alis\u00e9s en mesh, ces coils ITO permettent de profiter d\u2019une fid\u00e8le restitution des saveurs !<br \/>\n\u00c0 travers ses r\u00e9sistances ITO d\u00e9di\u00e9es au MTL, VOOPOO r\u00e9pond aux demandes des vapoteurs qui souhaitent disposer de r\u00e9sistances efficaces et robustes. Profitez pleinement de votre Doric 20 et de votre Drag Q gr\u00e2ce \u00e0 ces r\u00e9sistances ITO de haut vol. Ue version M0 de 0.50 ohm \u00e0 utiliser entre 18 et 25 watts.<br \/>\nUne version M2 de 1.0 ohm \u00e0 utiliser entre 10 et 14 watts.<br \/>\nUne version M3 de 1.2 ohm \u00e0 utiliser entre 8 et 12 watts.<\/p>\n","protected":false},"excerpt":{"rendered":"<p>Les r\u00e9sistances ITO de chez VOOPOO sont destin\u00e9es \u00e0 aller sur la cigarette \u00e9lectronique Doric 20 et le pod Drag Q ! R\u00e9alis\u00e9s en mesh, ces coils ITO permettent de profiter d\u2019une fid\u00e8le restitution des saveurs ! \u00c0 travers ses r\u00e9sistances ITO d\u00e9di\u00e9es au MTL, VOOPOO r\u00e9pond aux demandes des vapoteurs qui souhaitent disposer de [&hellip;]<\/p>\n","protected":false},"featured_media":31190,"comment_status":"open","ping_status":"closed","template":"","meta":{"om_disable_all_campaigns":false,"_monsterinsights_skip_tracking":false,"_monsterinsights_sitenote_active":false,"_monsterinsights_sitenote_note":"","_monsterinsights_sitenote_category":0},"product_brand":[],"product_cat":[409,416],"product_tag":[],"class_list":{"0":"post-31984","1":"product","2":"type-product","3":"status-publish","4":"has-post-thumbnail","6":"product_cat-resistances-2","7":"product_cat-voopoo-resistances-2","10":"first","11":"instock","12":"featured","13":"shipping-taxable","14":"purchasable","15":"product-type-variable"},"aioseo_notices":[],"jetpack_sharing_enabled":true,"_links":{"self":[{"href":"https:\/\/normandie.ma\/index.php?rest_route=\/wp\/v2\/product\/31984","targetHints":{"allow":["GET"]}}],"collection":[{"href":"https:\/\/normandie.ma\/index.php?rest_route=\/wp\/v2\/product"}],"about":[{"href":"https:\/\/normandie.ma\/index.php?rest_route=\/wp\/v2\/types\/product"}],"replies":[{"embeddable":true,"href":"https:\/\/normandie.ma\/index.php?rest_route=%2Fwp%2Fv2%2Fcomments&post=31984"}],"wp:featuredmedia":[{"embeddable":true,"href":"https:\/\/normandie.ma\/index.php?rest_route=\/wp\/v2\/media\/31190"}],"wp:attachment":[{"href":"https:\/\/normandie.ma\/index.php?rest_route=%2Fwp%2Fv2%2Fmedia&parent=31984"}],"wp:term":[{"taxonomy":"product_brand","embeddable":true,"href":"https:\/\/normandie.ma\/index.php?rest_route=%2Fwp%2Fv2%2Fproduct_brand&post=31984"},{"taxonomy":"product_cat","embeddable":true,"href":"https:\/\/normandie.ma\/index.php?rest_route=%2Fwp%2Fv2%2Fproduct_cat&post=31984"},{"taxonomy":"product_tag","embeddable":true,"href":"https:\/\/normandie.ma\/index.php?rest_route=%2Fwp%2Fv2%2Fproduct_tag&post=31984"}],"curies":[{"name":"wp","href":"https:\/\/api.w.org\/{rel}","templated":true}]}}