{"id":32010,"date":"2023-05-27T23:22:51","date_gmt":"2023-05-27T23:22:51","guid":{"rendered":"https:\/\/normandie.ma\/?product=arome-yogurt-10ml"},"modified":"2023-06-19T00:19:03","modified_gmt":"2023-06-19T00:19:03","slug":"arome-yogurt-10ml","status":"publish","type":"product","link":"https:\/\/normandie.ma\/?product=arome-yogurt-10ml","title":{"rendered":"Ar\u00f4me Yogurt 10ml"},"content":{"rendered":"<p>L\u2019Ar\u00f4me Yogurt de Good Vapes, c\u2019est l\u2019onctuosit\u00e9 et le cr\u00e9meux d\u2019un yaourt \u00e0 la grecque d\u00e9di\u00e9 \u00e0 la fabrication d\u2019un liquide DIY pour e-cigarette. Les vapoteurs gourmands seront ravis !<\/p>\n","protected":false},"excerpt":{"rendered":"<p>L\u2019Ar\u00f4me Yogurt de Good Vapes, c\u2019est l\u2019onctuosit\u00e9 et le cr\u00e9meux d\u2019un yaourt \u00e0 la grecque d\u00e9di\u00e9 \u00e0 la fabrication d\u2019un liquide DIY pour e-cigarette. Les vapoteurs gourmands seront ravis !<\/p>\n","protected":false},"featured_media":31216,"comment_status":"open","ping_status":"closed","template":"","meta":{"om_disable_all_campaigns":false,"_monsterinsights_skip_tracking":false,"_monsterinsights_sitenote_active":false,"_monsterinsights_sitenote_note":"","_monsterinsights_sitenote_category":0},"product_brand":[],"product_cat":[211,420],"product_tag":[],"class_list":{"0":"post-32010","1":"product","2":"type-product","3":"status-publish","4":"has-post-thumbnail","6":"product_cat-diy","7":"product_cat-nos-aromes","10":"first","11":"outofstock","12":"featured","13":"shipping-taxable","14":"purchasable","15":"product-type-simple"},"aioseo_notices":[],"jetpack_sharing_enabled":true,"_links":{"self":[{"href":"https:\/\/normandie.ma\/index.php?rest_route=\/wp\/v2\/product\/32010","targetHints":{"allow":["GET"]}}],"collection":[{"href":"https:\/\/normandie.ma\/index.php?rest_route=\/wp\/v2\/product"}],"about":[{"href":"https:\/\/normandie.ma\/index.php?rest_route=\/wp\/v2\/types\/product"}],"replies":[{"embeddable":true,"href":"https:\/\/normandie.ma\/index.php?rest_route=%2Fwp%2Fv2%2Fcomments&post=32010"}],"wp:featuredmedia":[{"embeddable":true,"href":"https:\/\/normandie.ma\/index.php?rest_route=\/wp\/v2\/media\/31216"}],"wp:attachment":[{"href":"https:\/\/normandie.ma\/index.php?rest_route=%2Fwp%2Fv2%2Fmedia&parent=32010"}],"wp:term":[{"taxonomy":"product_brand","embeddable":true,"href":"https:\/\/normandie.ma\/index.php?rest_route=%2Fwp%2Fv2%2Fproduct_brand&post=32010"},{"taxonomy":"product_cat","embeddable":true,"href":"https:\/\/normandie.ma\/index.php?rest_route=%2Fwp%2Fv2%2Fproduct_cat&post=32010"},{"taxonomy":"product_tag","embeddable":true,"href":"https:\/\/normandie.ma\/index.php?rest_route=%2Fwp%2Fv2%2Fproduct_tag&post=32010"}],"curies":[{"name":"wp","href":"https:\/\/api.w.org\/{rel}","templated":true}]}}