{"id":32033,"date":"2023-05-27T23:23:13","date_gmt":"2023-05-27T23:23:13","guid":{"rendered":"https:\/\/normandie.ma\/?product=cotton-feather-geekvape"},"modified":"2023-05-27T23:23:13","modified_gmt":"2023-05-27T23:23:13","slug":"cotton-feather-geekvape","status":"publish","type":"product","link":"https:\/\/normandie.ma\/?product=cotton-feather-geekvape","title":{"rendered":"Cotton Feather \u2013 GeekVape"},"content":{"rendered":"<p>Id\u00e9al pour les amateurs de DIY, ce pack de 20 cotons en forme longue vont vous s\u00e9duire \u00e0 coup s\u00fbr. Chaque coton mesure 110 mm de long pour 3 mm d\u2019\u00e9paisseur avec la pr\u00e9sence d\u2019une petite tige de chaque c\u00f4t\u00e9 qui elle, mesure 15 mm de long et 2,5 mm d\u2019\u00e9paisseur.<\/p>\n<p>La prise en main est id\u00e9ale,  vous pourrez effectuer vos montages sur votre atomiseur en seulement quelques secondes !<\/p>\n","protected":false},"excerpt":{"rendered":"<p>Id\u00e9al pour les amateurs de DIY, ce pack de 20 cotons en forme longue vont vous s\u00e9duire \u00e0 coup s\u00fbr. Chaque coton mesure 110 mm de long pour 3 mm d\u2019\u00e9paisseur avec la pr\u00e9sence d\u2019une petite tige de chaque c\u00f4t\u00e9 qui elle, mesure 15 mm de long et 2,5 mm d\u2019\u00e9paisseur. La prise en main [&hellip;]<\/p>\n","protected":false},"featured_media":31239,"comment_status":"open","ping_status":"closed","template":"","meta":{"om_disable_all_campaigns":false,"_monsterinsights_skip_tracking":false,"_monsterinsights_sitenote_active":false,"_monsterinsights_sitenote_note":"","_monsterinsights_sitenote_category":0},"product_brand":[],"product_cat":[212,235],"product_tag":[],"class_list":{"0":"post-32033","1":"product","2":"type-product","3":"status-publish","4":"has-post-thumbnail","6":"product_cat-accessoires","7":"product_cat-fils-cotn","10":"first","11":"instock","12":"featured","13":"shipping-taxable","14":"purchasable","15":"product-type-simple"},"aioseo_notices":[],"jetpack_sharing_enabled":true,"_links":{"self":[{"href":"https:\/\/normandie.ma\/index.php?rest_route=\/wp\/v2\/product\/32033","targetHints":{"allow":["GET"]}}],"collection":[{"href":"https:\/\/normandie.ma\/index.php?rest_route=\/wp\/v2\/product"}],"about":[{"href":"https:\/\/normandie.ma\/index.php?rest_route=\/wp\/v2\/types\/product"}],"replies":[{"embeddable":true,"href":"https:\/\/normandie.ma\/index.php?rest_route=%2Fwp%2Fv2%2Fcomments&post=32033"}],"wp:featuredmedia":[{"embeddable":true,"href":"https:\/\/normandie.ma\/index.php?rest_route=\/wp\/v2\/media\/31239"}],"wp:attachment":[{"href":"https:\/\/normandie.ma\/index.php?rest_route=%2Fwp%2Fv2%2Fmedia&parent=32033"}],"wp:term":[{"taxonomy":"product_brand","embeddable":true,"href":"https:\/\/normandie.ma\/index.php?rest_route=%2Fwp%2Fv2%2Fproduct_brand&post=32033"},{"taxonomy":"product_cat","embeddable":true,"href":"https:\/\/normandie.ma\/index.php?rest_route=%2Fwp%2Fv2%2Fproduct_cat&post=32033"},{"taxonomy":"product_tag","embeddable":true,"href":"https:\/\/normandie.ma\/index.php?rest_route=%2Fwp%2Fv2%2Fproduct_tag&post=32033"}],"curies":[{"name":"wp","href":"https:\/\/api.w.org\/{rel}","templated":true}]}}