{"id":32034,"date":"2023-05-27T23:23:13","date_gmt":"2023-05-27T23:23:13","guid":{"rendered":"https:\/\/normandie.ma\/?product=resistance-demon-killer"},"modified":"2023-05-27T23:23:13","modified_gmt":"2023-05-27T23:23:13","slug":"resistance-demon-killer","status":"publish","type":"product","link":"https:\/\/normandie.ma\/?product=resistance-demon-killer","title":{"rendered":"R\u00e9sistance Demon Killer"},"content":{"rendered":"<p>Acheter les r\u00e9sistances en fil kanthal de diff\u00e9rents diam\u00e8tres, Quad, Twisted, Clapton\u2026 , entre 0.36\u03a9 et 0.85\u03a9.<\/p>\n","protected":false},"excerpt":{"rendered":"<p>Acheter les r\u00e9sistances en fil kanthal de diff\u00e9rents diam\u00e8tres, Quad, Twisted, Clapton\u2026 , entre 0.36\u03a9 et 0.85\u03a9.<\/p>\n","protected":false},"featured_media":31240,"comment_status":"open","ping_status":"closed","template":"","meta":{"om_disable_all_campaigns":false,"_monsterinsights_skip_tracking":false,"_monsterinsights_sitenote_active":false,"_monsterinsights_sitenote_note":"","_monsterinsights_sitenote_category":0},"product_brand":[],"product_cat":[212,422],"product_tag":[],"class_list":{"0":"post-32034","1":"product","2":"type-product","3":"status-publish","4":"has-post-thumbnail","6":"product_cat-accessoires","7":"product_cat-resistances-coils","10":"first","11":"instock","12":"featured","13":"shipping-taxable","14":"purchasable","15":"product-type-simple"},"aioseo_notices":[],"jetpack_sharing_enabled":true,"_links":{"self":[{"href":"https:\/\/normandie.ma\/index.php?rest_route=\/wp\/v2\/product\/32034","targetHints":{"allow":["GET"]}}],"collection":[{"href":"https:\/\/normandie.ma\/index.php?rest_route=\/wp\/v2\/product"}],"about":[{"href":"https:\/\/normandie.ma\/index.php?rest_route=\/wp\/v2\/types\/product"}],"replies":[{"embeddable":true,"href":"https:\/\/normandie.ma\/index.php?rest_route=%2Fwp%2Fv2%2Fcomments&post=32034"}],"wp:featuredmedia":[{"embeddable":true,"href":"https:\/\/normandie.ma\/index.php?rest_route=\/wp\/v2\/media\/31240"}],"wp:attachment":[{"href":"https:\/\/normandie.ma\/index.php?rest_route=%2Fwp%2Fv2%2Fmedia&parent=32034"}],"wp:term":[{"taxonomy":"product_brand","embeddable":true,"href":"https:\/\/normandie.ma\/index.php?rest_route=%2Fwp%2Fv2%2Fproduct_brand&post=32034"},{"taxonomy":"product_cat","embeddable":true,"href":"https:\/\/normandie.ma\/index.php?rest_route=%2Fwp%2Fv2%2Fproduct_cat&post=32034"},{"taxonomy":"product_tag","embeddable":true,"href":"https:\/\/normandie.ma\/index.php?rest_route=%2Fwp%2Fv2%2Fproduct_tag&post=32034"}],"curies":[{"name":"wp","href":"https:\/\/api.w.org\/{rel}","templated":true}]}}