{"id":32040,"date":"2023-05-27T23:23:15","date_gmt":"2023-05-27T23:23:15","guid":{"rendered":"https:\/\/normandie.ma\/?product=plateau-smok-rba-rgc"},"modified":"2023-05-27T23:23:15","modified_gmt":"2023-05-27T23:23:15","slug":"plateau-smok-rba-rgc","status":"publish","type":"product","link":"https:\/\/normandie.ma\/?product=plateau-smok-rba-rgc","title":{"rendered":"Plateau Smok RBA RGC"},"content":{"rendered":"<p>Concevez vos propres montages gr\u00e2ce \u00e0 ce plateau RBA destin\u00e9 \u00e0 \u00eatre utilis\u00e9 sur le kit RPM80 et le kit RPM80 Pro de Smok.<\/p>\n","protected":false},"excerpt":{"rendered":"<p>Concevez vos propres montages gr\u00e2ce \u00e0 ce plateau RBA destin\u00e9 \u00e0 \u00eatre utilis\u00e9 sur le kit RPM80 et le kit RPM80 Pro de Smok.<\/p>\n","protected":false},"featured_media":31249,"comment_status":"open","ping_status":"closed","template":"","meta":{"om_disable_all_campaigns":false,"_monsterinsights_skip_tracking":false,"_monsterinsights_sitenote_active":false,"_monsterinsights_sitenote_note":"","_monsterinsights_sitenote_category":0},"product_brand":[],"product_cat":[212,422],"product_tag":[],"class_list":{"0":"post-32040","1":"product","2":"type-product","3":"status-publish","4":"has-post-thumbnail","6":"product_cat-accessoires","7":"product_cat-resistances-coils","10":"first","11":"instock","12":"featured","13":"shipping-taxable","14":"purchasable","15":"product-type-simple"},"aioseo_notices":[],"jetpack_sharing_enabled":true,"_links":{"self":[{"href":"https:\/\/normandie.ma\/index.php?rest_route=\/wp\/v2\/product\/32040","targetHints":{"allow":["GET"]}}],"collection":[{"href":"https:\/\/normandie.ma\/index.php?rest_route=\/wp\/v2\/product"}],"about":[{"href":"https:\/\/normandie.ma\/index.php?rest_route=\/wp\/v2\/types\/product"}],"replies":[{"embeddable":true,"href":"https:\/\/normandie.ma\/index.php?rest_route=%2Fwp%2Fv2%2Fcomments&post=32040"}],"wp:featuredmedia":[{"embeddable":true,"href":"https:\/\/normandie.ma\/index.php?rest_route=\/wp\/v2\/media\/31249"}],"wp:attachment":[{"href":"https:\/\/normandie.ma\/index.php?rest_route=%2Fwp%2Fv2%2Fmedia&parent=32040"}],"wp:term":[{"taxonomy":"product_brand","embeddable":true,"href":"https:\/\/normandie.ma\/index.php?rest_route=%2Fwp%2Fv2%2Fproduct_brand&post=32040"},{"taxonomy":"product_cat","embeddable":true,"href":"https:\/\/normandie.ma\/index.php?rest_route=%2Fwp%2Fv2%2Fproduct_cat&post=32040"},{"taxonomy":"product_tag","embeddable":true,"href":"https:\/\/normandie.ma\/index.php?rest_route=%2Fwp%2Fv2%2Fproduct_tag&post=32040"}],"curies":[{"name":"wp","href":"https:\/\/api.w.org\/{rel}","templated":true}]}}