{"id":33139,"date":"2023-06-14T16:37:25","date_gmt":"2023-06-14T16:37:25","guid":{"rendered":"https:\/\/normandie.ma\/?post_type=product&#038;p=33139"},"modified":"2023-06-14T18:26:42","modified_gmt":"2023-06-14T18:26:42","slug":"pod-salt-nexus","status":"publish","type":"product","link":"https:\/\/normandie.ma\/?product=pod-salt-nexus","title":{"rendered":"Pod Salt NEXUS"},"content":{"rendered":"<p>Pod Salt Nexus 3500 est une e-cigarette jetable con\u00e7ue pour sa fonctionnalit\u00e9 et sa portabilit\u00e9 ; et cette fois, elle a \u00e9t\u00e9 am\u00e9lior\u00e9e ! Ce dispositif de vape mince et \u00e9l\u00e9gant est disponible dans une gamme de nos principaux ar\u00f4mes m\u00e9lang\u00e9s avec le sel de nicotine prim\u00e9 de Pod Salt. Utilisant les derni\u00e8res technologies, cette gamme de dispositifs jetables, Pod Salt Nexus, a \u00e9volu\u00e9 avec une batterie plus puissante de 1350mAH. Continuez \u00e0 vapoter et profitez plus longtemps de saveurs de qualit\u00e9 et de sels de nicotine.\u00a0Con\u00e7u pour \u00eatre utilis\u00e9 o\u00f9 que vous soyez, le nouveau dispositif de vape jetable Pod Salt Nexus est d\u2019une taille compacte parfaite pour tenir dans votre poche ; parfait pour un mode de vie nomade.<\/p>\n<p><strong>Caract\u00e9ristiques :<\/strong><\/p>\n<ul>\n<li>Capacit\u00e9 de la batterie : 1350mAH batterie int\u00e9gr\u00e9e<\/li>\n<li>Teneur en nicotine : 2% de sel nicotinique<\/li>\n<li>Nombre de bouff\u00e9es : 3500 bouff\u00e9es<\/li>\n<li>Activation par tirage<\/li>\n<li>Design de style unique<\/li>\n<\/ul>\n","protected":false},"excerpt":{"rendered":"<p>Pod Salt Nexus 3500 est une e-cigarette jetable con\u00e7ue pour sa fonctionnalit\u00e9 et sa portabilit\u00e9 ; et cette fois, elle a \u00e9t\u00e9 am\u00e9lior\u00e9e ! Ce dispositif de vape mince et \u00e9l\u00e9gant est disponible dans une gamme de nos principaux ar\u00f4mes m\u00e9lang\u00e9s avec le sel de nicotine prim\u00e9 de Pod Salt. Utilisant les derni\u00e8res technologies, cette [&hellip;]<\/p>\n","protected":false},"featured_media":33149,"comment_status":"open","ping_status":"closed","template":"","meta":{"om_disable_all_campaigns":false,"_monsterinsights_skip_tracking":false,"_monsterinsights_sitenote_active":false,"_monsterinsights_sitenote_note":"","_monsterinsights_sitenote_category":0},"product_brand":[],"product_cat":[256,324],"product_tag":[],"class_list":{"0":"post-33139","1":"product","2":"type-product","3":"status-publish","4":"has-post-thumbnail","6":"product_cat-e-cigarettes-jetables","7":"product_cat-pod-salt","10":"first","11":"instock","12":"shipping-taxable","13":"purchasable","14":"product-type-variable"},"aioseo_notices":[],"jetpack_sharing_enabled":true,"_links":{"self":[{"href":"https:\/\/normandie.ma\/index.php?rest_route=\/wp\/v2\/product\/33139","targetHints":{"allow":["GET"]}}],"collection":[{"href":"https:\/\/normandie.ma\/index.php?rest_route=\/wp\/v2\/product"}],"about":[{"href":"https:\/\/normandie.ma\/index.php?rest_route=\/wp\/v2\/types\/product"}],"replies":[{"embeddable":true,"href":"https:\/\/normandie.ma\/index.php?rest_route=%2Fwp%2Fv2%2Fcomments&post=33139"}],"wp:featuredmedia":[{"embeddable":true,"href":"https:\/\/normandie.ma\/index.php?rest_route=\/wp\/v2\/media\/33149"}],"wp:attachment":[{"href":"https:\/\/normandie.ma\/index.php?rest_route=%2Fwp%2Fv2%2Fmedia&parent=33139"}],"wp:term":[{"taxonomy":"product_brand","embeddable":true,"href":"https:\/\/normandie.ma\/index.php?rest_route=%2Fwp%2Fv2%2Fproduct_brand&post=33139"},{"taxonomy":"product_cat","embeddable":true,"href":"https:\/\/normandie.ma\/index.php?rest_route=%2Fwp%2Fv2%2Fproduct_cat&post=33139"},{"taxonomy":"product_tag","embeddable":true,"href":"https:\/\/normandie.ma\/index.php?rest_route=%2Fwp%2Fv2%2Fproduct_tag&post=33139"}],"curies":[{"name":"wp","href":"https:\/\/api.w.org\/{rel}","templated":true}]}}