{"id":33201,"date":"2023-06-14T18:00:01","date_gmt":"2023-06-14T18:00:01","guid":{"rendered":"https:\/\/normandie.ma\/?post_type=product&#038;p=33201"},"modified":"2023-06-14T18:25:49","modified_gmt":"2023-06-14T18:25:49","slug":"juice-head-freeze-3000-puffs-5-ml","status":"publish","type":"product","link":"https:\/\/normandie.ma\/?product=juice-head-freeze-3000-puffs-5-ml","title":{"rendered":"Juice Head Freeze \u2013 3000 Puffs (5%\/Ml)"},"content":{"rendered":"<p>\u00c9l\u00e9gants, minces et pratiques, les e-cigarettes jetables Juice Head laissent peu de place aux r\u00e9clamations. L\u2019appareil est super compact et tr\u00e8s portable. Il est livr\u00e9 pr\u00e9-rempli, pr\u00e9-charg\u00e9 et pr\u00eat \u00e0 fumer d\u00e8s sa r\u00e9ception. L\u2019appareil est dot\u00e9 d\u2019une grande capacit\u00e9 de jus de vape de 8 ml, et d\u2019une batterie int\u00e9gr\u00e9e de 650 mAh, offrant une long\u00e9vit\u00e9 extraordinaire. La capacit\u00e9 de ces deux \u00e9l\u00e9ments vous permettra de recevoir jusqu\u2019\u00e0 3000 bouff\u00e9es par unit\u00e9, ce qui vous permettra de profiter de chaque goutte. Pour am\u00e9liorer ses performances et sa sortie de saveur, il dispose \u00e9galement d\u2019une r\u00e9sistance maill\u00e9e int\u00e9gr\u00e9e. Les e-cigarettes jetables Juice Head sont infus\u00e9es avec un sel de nicotine sans tabac de 50 mg, qui s\u2019associent parfaitement \u00e0 une d\u00e9licieuse s\u00e9lection de saveurs fruit\u00e9es.<\/p>\n<p><span data-sanitized-data-mce-style=\"color: #ff2a00;\"><strong>Caract\u00e9ristiques :<\/strong><\/span><\/p>\n<ul>\n<li>Design jetable<\/li>\n<li>Pr\u00e9-rempli<\/li>\n<li>Pr\u00e9-charg\u00e9<\/li>\n<li>3000 bouff\u00e9es<\/li>\n<li>Capacit\u00e9 de 8ml<\/li>\n<li>Batterie int\u00e9gr\u00e9e de 650mAh<\/li>\n<li>50mg de nicotine<\/li>\n<\/ul>\n","protected":false},"excerpt":{"rendered":"<p>\u00c9l\u00e9gants, minces et pratiques, les e-cigarettes jetables Juice Head laissent peu de place aux r\u00e9clamations. L\u2019appareil est super compact et tr\u00e8s portable. Il est livr\u00e9 pr\u00e9-rempli, pr\u00e9-charg\u00e9 et pr\u00eat \u00e0 fumer d\u00e8s sa r\u00e9ception. L\u2019appareil est dot\u00e9 d\u2019une grande capacit\u00e9 de jus de vape de 8 ml, et d\u2019une batterie int\u00e9gr\u00e9e de 650 mAh, offrant [&hellip;]<\/p>\n","protected":false},"featured_media":33211,"comment_status":"open","ping_status":"closed","template":"","meta":{"om_disable_all_campaigns":false,"_monsterinsights_skip_tracking":false,"_monsterinsights_sitenote_active":false,"_monsterinsights_sitenote_note":"","_monsterinsights_sitenote_category":0},"product_brand":[],"product_cat":[256],"product_tag":[],"class_list":{"0":"post-33201","1":"product","2":"type-product","3":"status-publish","4":"has-post-thumbnail","6":"product_cat-e-cigarettes-jetables","9":"first","10":"instock","11":"shipping-taxable","12":"purchasable","13":"product-type-variable"},"aioseo_notices":[],"jetpack_sharing_enabled":true,"_links":{"self":[{"href":"https:\/\/normandie.ma\/index.php?rest_route=\/wp\/v2\/product\/33201","targetHints":{"allow":["GET"]}}],"collection":[{"href":"https:\/\/normandie.ma\/index.php?rest_route=\/wp\/v2\/product"}],"about":[{"href":"https:\/\/normandie.ma\/index.php?rest_route=\/wp\/v2\/types\/product"}],"replies":[{"embeddable":true,"href":"https:\/\/normandie.ma\/index.php?rest_route=%2Fwp%2Fv2%2Fcomments&post=33201"}],"wp:featuredmedia":[{"embeddable":true,"href":"https:\/\/normandie.ma\/index.php?rest_route=\/wp\/v2\/media\/33211"}],"wp:attachment":[{"href":"https:\/\/normandie.ma\/index.php?rest_route=%2Fwp%2Fv2%2Fmedia&parent=33201"}],"wp:term":[{"taxonomy":"product_brand","embeddable":true,"href":"https:\/\/normandie.ma\/index.php?rest_route=%2Fwp%2Fv2%2Fproduct_brand&post=33201"},{"taxonomy":"product_cat","embeddable":true,"href":"https:\/\/normandie.ma\/index.php?rest_route=%2Fwp%2Fv2%2Fproduct_cat&post=33201"},{"taxonomy":"product_tag","embeddable":true,"href":"https:\/\/normandie.ma\/index.php?rest_route=%2Fwp%2Fv2%2Fproduct_tag&post=33201"}],"curies":[{"name":"wp","href":"https:\/\/api.w.org\/{rel}","templated":true}]}}