{"id":33287,"date":"2023-06-21T01:02:19","date_gmt":"2023-06-21T01:02:19","guid":{"rendered":"https:\/\/normandie.ma\/?product=vbar-cubo-pro-3000-puffs-pineapple-ice"},"modified":"2023-06-21T01:02:19","modified_gmt":"2023-06-21T01:02:19","slug":"vbar-cubo-pro-3000-puffs-pineapple-ice","status":"publish","type":"product","link":"https:\/\/normandie.ma\/?product=vbar-cubo-pro-3000-puffs-pineapple-ice","title":{"rendered":"Vbar Cubo Pro 3000 Puffs Pineapple ice"},"content":{"rendered":"<p>Vbar Cubo Pro est une cigarette jetable offrant l\u2019exp\u00e9rience de vapotage la plus facile et la plus simple qui soit. Pas de r\u00e9glages \u00e0 faire, pas de niveau de jus \u00e0 surveiller, pas de charge de batterie \u00e0 pr\u00e9voir, il suffit de mettre la vape dans la bouche et de fumer. C\u2019est le meilleur choix pour les d\u00e9butants et la meilleure solution de secours pour les utilisateurs de vape.   <\/p>\n<p> Les Caract\u00e9ristiques : Taille : 20 x 20 x 112.5mm<br \/>\nCapacit\u00e9 : 8ml<br \/>\nNicotine : 5%<br \/>\nR\u00e9sistance : 1.2ohm Mesh<br \/>\nBatterie : 1100mAh<br \/>\nBouff\u00e9es : 3000 Max<\/p>\n","protected":false},"excerpt":{"rendered":"<p>Vbar Cubo Pro est une cigarette jetable offrant l\u2019exp\u00e9rience de vapotage la plus facile et la plus simple qui soit. Pas de r\u00e9glages \u00e0 faire, pas de niveau de jus \u00e0 surveiller, pas de charge de batterie \u00e0 pr\u00e9voir, il suffit de mettre la vape dans la bouche et de fumer. C\u2019est le meilleur choix [&hellip;]<\/p>\n","protected":false},"featured_media":33196,"comment_status":"open","ping_status":"closed","template":"","meta":{"om_disable_all_campaigns":false,"_monsterinsights_skip_tracking":false,"_monsterinsights_sitenote_active":false,"_monsterinsights_sitenote_note":"","_monsterinsights_sitenote_category":0},"product_brand":[],"product_cat":[256],"product_tag":[],"class_list":{"0":"post-33287","1":"product","2":"type-product","3":"status-publish","4":"has-post-thumbnail","6":"product_cat-e-cigarettes-jetables","9":"first","10":"instock","11":"featured","12":"shipping-taxable","13":"purchasable","14":"product-type-simple"},"aioseo_notices":[],"jetpack_sharing_enabled":true,"_links":{"self":[{"href":"https:\/\/normandie.ma\/index.php?rest_route=\/wp\/v2\/product\/33287","targetHints":{"allow":["GET"]}}],"collection":[{"href":"https:\/\/normandie.ma\/index.php?rest_route=\/wp\/v2\/product"}],"about":[{"href":"https:\/\/normandie.ma\/index.php?rest_route=\/wp\/v2\/types\/product"}],"replies":[{"embeddable":true,"href":"https:\/\/normandie.ma\/index.php?rest_route=%2Fwp%2Fv2%2Fcomments&post=33287"}],"wp:featuredmedia":[{"embeddable":true,"href":"https:\/\/normandie.ma\/index.php?rest_route=\/wp\/v2\/media\/33196"}],"wp:attachment":[{"href":"https:\/\/normandie.ma\/index.php?rest_route=%2Fwp%2Fv2%2Fmedia&parent=33287"}],"wp:term":[{"taxonomy":"product_brand","embeddable":true,"href":"https:\/\/normandie.ma\/index.php?rest_route=%2Fwp%2Fv2%2Fproduct_brand&post=33287"},{"taxonomy":"product_cat","embeddable":true,"href":"https:\/\/normandie.ma\/index.php?rest_route=%2Fwp%2Fv2%2Fproduct_cat&post=33287"},{"taxonomy":"product_tag","embeddable":true,"href":"https:\/\/normandie.ma\/index.php?rest_route=%2Fwp%2Fv2%2Fproduct_tag&post=33287"}],"curies":[{"name":"wp","href":"https:\/\/api.w.org\/{rel}","templated":true}]}}