{"id":33294,"date":"2023-06-21T01:02:22","date_gmt":"2023-06-21T01:02:22","guid":{"rendered":"https:\/\/normandie.ma\/?product=jet-naked-max-4500-5-guava-berries-ice"},"modified":"2023-06-21T01:02:22","modified_gmt":"2023-06-21T01:02:22","slug":"jet-naked-max-4500-5-guava-berries-ice","status":"publish","type":"product","link":"https:\/\/normandie.ma\/?product=jet-naked-max-4500-5-guava-berries-ice","title":{"rendered":"JET NAKED MAX 4500 (5%) GUAVA BERRIES ICE"},"content":{"rendered":"<p>Naked 100 pr\u00e9sente la vape jetable Nkd 100 MAX ! Cette cigarette jetable vous est propos\u00e9e par l\u2019un des meilleurs fabricants de jus de vape de tous les temps et pr\u00e9sente leur nouveau jus MAX pour une exp\u00e9rience de vapotage optimale. Chaque NKD 100 MAX est livr\u00e9 avec 10ml de jus de vape sel nic \u00e0 5% de nicotine, permettant jusqu\u2019\u00e0 4 500 bouff\u00e9es. Le bo\u00eetier compact du NKD 100 MAX est fin, avec des bords arrondis, et tient confortablement dans la main. La batterie int\u00e9gr\u00e9e de 500mAh est rechargeable via un port USB-C situ\u00e9 en bas de l\u2019appareil, et offre une autonomie suffisante pour tenir toute la journ\u00e9e.<\/p>\n","protected":false},"excerpt":{"rendered":"<p>Naked 100 pr\u00e9sente la vape jetable Nkd 100 MAX ! Cette cigarette jetable vous est propos\u00e9e par l\u2019un des meilleurs fabricants de jus de vape de tous les temps et pr\u00e9sente leur nouveau jus MAX pour une exp\u00e9rience de vapotage optimale. Chaque NKD 100 MAX est livr\u00e9 avec 10ml de jus de vape sel nic [&hellip;]<\/p>\n","protected":false},"featured_media":33119,"comment_status":"open","ping_status":"closed","template":"","meta":{"om_disable_all_campaigns":false,"_monsterinsights_skip_tracking":false,"_monsterinsights_sitenote_active":false,"_monsterinsights_sitenote_note":"","_monsterinsights_sitenote_category":0},"product_brand":[],"product_cat":[256],"product_tag":[],"class_list":{"0":"post-33294","1":"product","2":"type-product","3":"status-publish","4":"has-post-thumbnail","6":"product_cat-e-cigarettes-jetables","9":"first","10":"instock","11":"featured","12":"shipping-taxable","13":"purchasable","14":"product-type-simple"},"aioseo_notices":[],"jetpack_sharing_enabled":true,"_links":{"self":[{"href":"https:\/\/normandie.ma\/index.php?rest_route=\/wp\/v2\/product\/33294","targetHints":{"allow":["GET"]}}],"collection":[{"href":"https:\/\/normandie.ma\/index.php?rest_route=\/wp\/v2\/product"}],"about":[{"href":"https:\/\/normandie.ma\/index.php?rest_route=\/wp\/v2\/types\/product"}],"replies":[{"embeddable":true,"href":"https:\/\/normandie.ma\/index.php?rest_route=%2Fwp%2Fv2%2Fcomments&post=33294"}],"wp:featuredmedia":[{"embeddable":true,"href":"https:\/\/normandie.ma\/index.php?rest_route=\/wp\/v2\/media\/33119"}],"wp:attachment":[{"href":"https:\/\/normandie.ma\/index.php?rest_route=%2Fwp%2Fv2%2Fmedia&parent=33294"}],"wp:term":[{"taxonomy":"product_brand","embeddable":true,"href":"https:\/\/normandie.ma\/index.php?rest_route=%2Fwp%2Fv2%2Fproduct_brand&post=33294"},{"taxonomy":"product_cat","embeddable":true,"href":"https:\/\/normandie.ma\/index.php?rest_route=%2Fwp%2Fv2%2Fproduct_cat&post=33294"},{"taxonomy":"product_tag","embeddable":true,"href":"https:\/\/normandie.ma\/index.php?rest_route=%2Fwp%2Fv2%2Fproduct_tag&post=33294"}],"curies":[{"name":"wp","href":"https:\/\/api.w.org\/{rel}","templated":true}]}}