{"id":33355,"date":"2023-06-21T10:35:12","date_gmt":"2023-06-21T10:35:12","guid":{"rendered":"https:\/\/normandie.ma\/?post_type=product&#038;p=33355"},"modified":"2023-06-21T10:35:12","modified_gmt":"2023-06-21T10:35:12","slug":"kit-veco-one-plus-vaporesso","status":"publish","type":"product","link":"https:\/\/normandie.ma\/?product=kit-veco-one-plus-vaporesso","title":{"rendered":"Kit Veco One Plus &#8211; Vaporesso"},"content":{"rendered":"<p>Le Kit Veco One Plus de Vaporesso est une cigarette \u00e9lectronique de forme tubulaire destin\u00e9e \u00e0 un tirage a\u00e9rien (inhalation directe). Il est compos\u00e9 d&#8217;une batterie de 3300 mah capable de d\u00e9livrer une puissance maximale de 40 watts suivant la r\u00e9sistance utilis\u00e9e.<\/p>\n<p>Tr\u00e8s simple d&#8217;utilisation, cette derni\u00e8re est d\u00e9pourvue d&#8217;\u00e9cran et de tout bouton de r\u00e9glage, la puissance s&#8217;adapte automatiquement. Elle est uniquement dot\u00e9e d&#8217;un bouton &#8220;fire&#8221; pour enclencher le syst\u00e8me.<\/p>\n<p>La batterie est associ\u00e9e au clearomiseur Veco Plus. Celui-ci dispose d&#8217;un syst\u00e8me de remplissage par le haut ainsi que d&#8217;un r\u00e9servoir de 4ml. Son syst\u00e8me d&#8217;airflow (flux d&#8217;air) est r\u00e9glable gr\u00e2ce \u00e0 une bague rotative situ\u00e9e au niveau du top-cap (sous drip-top \/ embout).<\/p>\n<p>Compatible avec les r\u00e9sistances EUC traditionnel et EUC ceramic.<\/p>\n","protected":false},"excerpt":{"rendered":"<p>Le Kit Veco One Plus de Vaporesso est une cigarette \u00e9lectronique de forme tubulaire destin\u00e9e \u00e0 un tirage a\u00e9rien (inhalation directe). Il est compos\u00e9 d&#8217;une batterie de 3300 mah capable de d\u00e9livrer une puissance maximale de 40 watts suivant la r\u00e9sistance utilis\u00e9e. Tr\u00e8s simple d&#8217;utilisation, cette derni\u00e8re est d\u00e9pourvue d&#8217;\u00e9cran et de tout bouton de [&hellip;]<\/p>\n","protected":false},"featured_media":33356,"comment_status":"open","ping_status":"closed","template":"","meta":{"om_disable_all_campaigns":false,"_monsterinsights_skip_tracking":false,"_monsterinsights_sitenote_active":false,"_monsterinsights_sitenote_note":"","_monsterinsights_sitenote_category":0},"product_brand":[],"product_cat":[213,205],"product_tag":[],"class_list":{"0":"post-33355","1":"product","2":"type-product","3":"status-publish","4":"has-post-thumbnail","6":"product_cat-kit-comp","7":"product_cat-materiel","10":"first","11":"instock","12":"shipping-taxable","13":"purchasable","14":"product-type-simple"},"aioseo_notices":[],"jetpack_sharing_enabled":true,"_links":{"self":[{"href":"https:\/\/normandie.ma\/index.php?rest_route=\/wp\/v2\/product\/33355","targetHints":{"allow":["GET"]}}],"collection":[{"href":"https:\/\/normandie.ma\/index.php?rest_route=\/wp\/v2\/product"}],"about":[{"href":"https:\/\/normandie.ma\/index.php?rest_route=\/wp\/v2\/types\/product"}],"replies":[{"embeddable":true,"href":"https:\/\/normandie.ma\/index.php?rest_route=%2Fwp%2Fv2%2Fcomments&post=33355"}],"wp:featuredmedia":[{"embeddable":true,"href":"https:\/\/normandie.ma\/index.php?rest_route=\/wp\/v2\/media\/33356"}],"wp:attachment":[{"href":"https:\/\/normandie.ma\/index.php?rest_route=%2Fwp%2Fv2%2Fmedia&parent=33355"}],"wp:term":[{"taxonomy":"product_brand","embeddable":true,"href":"https:\/\/normandie.ma\/index.php?rest_route=%2Fwp%2Fv2%2Fproduct_brand&post=33355"},{"taxonomy":"product_cat","embeddable":true,"href":"https:\/\/normandie.ma\/index.php?rest_route=%2Fwp%2Fv2%2Fproduct_cat&post=33355"},{"taxonomy":"product_tag","embeddable":true,"href":"https:\/\/normandie.ma\/index.php?rest_route=%2Fwp%2Fv2%2Fproduct_tag&post=33355"}],"curies":[{"name":"wp","href":"https:\/\/api.w.org\/{rel}","templated":true}]}}